{"id":491,"date":"2022-12-14T00:25:44","date_gmt":"2022-12-13T22:25:44","guid":{"rendered":"https:\/\/www.pohy.fi\/?page_id=491"},"modified":"2025-04-09T09:58:49","modified_gmt":"2025-04-09T06:58:49","slug":"jarjestoklinikka","status":"publish","type":"page","link":"https:\/\/www.pohy.fi\/sv\/hankkeet-ja-yhteistyo\/jarjestoklinikka\/","title":{"rendered":"F\u00f6reningskliniken"},"content":{"rendered":"<p>[et_pb_section fb_built=&#8221;1&#8243; custom_padding_last_edited=&#8221;on|phone&#8221; _builder_version=&#8221;4.19.4&#8243; _module_preset=&#8221;default&#8221; background_color=&#8221;rgba(18,158,219,0.2)&#8221; custom_margin_tablet=&#8221;&#8221; custom_margin_phone=&#8221;&#8221; custom_margin_last_edited=&#8221;on|desktop&#8221; custom_padding=&#8221;100px||||false|false&#8221; custom_padding_tablet=&#8221;80px||||false|false&#8221; custom_padding_phone=&#8221;60px||||false|false&#8221; top_divider_style_tablet=&#8221;&#8221; top_divider_style_phone=&#8221;&#8221; top_divider_style_last_edited=&#8221;on|desktop&#8221; top_divider_color_tablet=&#8221;&#8221; top_divider_color_phone=&#8221;&#8221; top_divider_color_last_edited=&#8221;on|desktop&#8221; top_divider_height_tablet=&#8221;&#8221; top_divider_height_phone=&#8221;&#8221; top_divider_height_last_edited=&#8221;on|desktop&#8221; top_divider_repeat_tablet=&#8221;&#8221; top_divider_repeat_phone=&#8221;&#8221; top_divider_repeat_last_edited=&#8221;on|desktop&#8221; top_divider_flip_tablet=&#8221;&#8221; top_divider_flip_phone=&#8221;&#8221; top_divider_flip_last_edited=&#8221;on|desktop&#8221; top_divider_arrangement_tablet=&#8221;&#8221; top_divider_arrangement_phone=&#8221;&#8221; top_divider_arrangement_last_edited=&#8221;on|desktop&#8221; bottom_divider_style=&#8221;wave&#8221; bottom_divider_color=&#8221;#ffffff&#8221; bottom_divider_height=&#8221;60px&#8221; bottom_divider_repeat=&#8221;8x&#8221; bottom_divider_height_tablet=&#8221;50px&#8221; bottom_divider_height_phone=&#8221;40px&#8221; bottom_divider_height_last_edited=&#8221;on|phone&#8221; bottom_divider_repeat_tablet=&#8221;4x&#8221; bottom_divider_repeat_phone=&#8221;3x&#8221; bottom_divider_repeat_last_edited=&#8221;on|tablet&#8221; background_last_edited=&#8221;on|desktop&#8221; global_colors_info=&#8221;{}&#8221;][et_pb_row _builder_version=&#8221;4.19.3&#8243; _module_preset=&#8221;default&#8221; global_colors_info=&#8221;{}&#8221;][et_pb_column type=&#8221;4_4&#8243; _builder_version=&#8221;4.19.3&#8243; _module_preset=&#8221;default&#8221; global_colors_info=&#8221;{}&#8221;][et_pb_text content_tablet=&#8221;<\/p>\n<h1>J\u00e4rjest\u00f6klinikka<\/h1>\n<p>&#8221; content_phone=&#8221;<\/p>\n<h1>J\u00e4rjest\u00f6klinikka<\/h1>\n<p>&#8221; content_last_edited=&#8221;on|phone&#8221; _builder_version=&#8221;4.19.4&#8243; _module_preset=&#8221;default&#8221; global_colors_info=&#8221;{}&#8221;]<\/p>\n<h1>J\u00e4rjest\u00f6klinikka<\/h1>\n<p>[\/et_pb_text][dsm_breadcrumbs home_text=&#8221;Etusivu&#8221; show_home_icon=&#8221;off&#8221; items_bottom_tablet=&#8221;&#8221; items_bottom_phone=&#8221;&#8221; items_bottom_last_edited=&#8221;on|desktop&#8221; items_padding_tablet=&#8221;&#8221; items_padding_phone=&#8221;&#8221; items_padding_last_edited=&#8221;on|desktop&#8221; separator_bottom_tablet=&#8221;&#8221; separator_bottom_phone=&#8221;&#8221; separator_bottom_last_edited=&#8221;on|desktop&#8221; separator_padding_tablet=&#8221;&#8221; separator_padding_phone=&#8221;&#8221; separator_padding_last_edited=&#8221;on|desktop&#8221; current_bottom_tablet=&#8221;&#8221; current_bottom_phone=&#8221;&#8221; current_bottom_last_edited=&#8221;on|desktop&#8221; current_padding_tablet=&#8221;&#8221; current_padding_phone=&#8221;&#8221; current_padding_last_edited=&#8221;on|desktop&#8221; _builder_version=&#8221;4.21.0&#8243; _module_preset=&#8221;default&#8221; items_font=&#8221;|300|||||||&#8221; items_text_color=&#8221;#000000&#8243; current_font=&#8221;|600|||||||&#8221; width_tablet=&#8221;&#8221; width_phone=&#8221;&#8221; width_last_edited=&#8221;on|tablet&#8221; max_width_tablet=&#8221;&#8221; max_width_phone=&#8221;&#8221; max_width_last_edited=&#8221;on|tablet&#8221; min_height_tablet=&#8221;&#8221; min_height_phone=&#8221;&#8221; min_height_last_edited=&#8221;on|tablet&#8221; height_tablet=&#8221;&#8221; height_phone=&#8221;&#8221; height_last_edited=&#8221;on|tablet&#8221; max_height_tablet=&#8221;&#8221; max_height_phone=&#8221;&#8221; max_height_last_edited=&#8221;on|tablet&#8221; custom_margin=&#8221;||||false|false&#8221; custom_margin_tablet=&#8221;&#8221; custom_margin_phone=&#8221;||||false|false&#8221; custom_margin_last_edited=&#8221;on|desktop&#8221; custom_padding=&#8221;||30px||false|false&#8221; custom_padding_tablet=&#8221;||10px||false|false&#8221; custom_padding_phone=&#8221;||||false|false&#8221; custom_padding_last_edited=&#8221;on|phone&#8221; items_font_tablet=&#8221;|300|||||||&#8221; items_font_phone=&#8221;|300|||||||&#8221; items_font_last_edited=&#8221;on|desktop&#8221; items_text_color_tablet=&#8221;#000000&#8243; items_text_color_phone=&#8221;#000000&#8243; items_text_color_last_edited=&#8221;on|desktop&#8221; items_font_size_tablet=&#8221;&#8221; items_font_size_phone=&#8221;&#8221; items_font_size_last_edited=&#8221;on|desktop&#8221; items_letter_spacing_tablet=&#8221;&#8221; items_letter_spacing_phone=&#8221;&#8221; items_letter_spacing_last_edited=&#8221;on|desktop&#8221; items_line_height_tablet=&#8221;&#8221; items_line_height_phone=&#8221;&#8221; items_line_height_last_edited=&#8221;on|desktop&#8221; separators_text_color_tablet=&#8221;&#8221; separators_text_color_phone=&#8221;&#8221; separators_text_color_last_edited=&#8221;on|desktop&#8221; separators_font_size_tablet=&#8221;&#8221; separators_font_size_phone=&#8221;&#8221; separators_font_size_last_edited=&#8221;on|desktop&#8221; current_font_tablet=&#8221;|600|||||||&#8221; current_font_phone=&#8221;|600|||||||&#8221; current_font_last_edited=&#8221;on|desktop&#8221; current_text_color_tablet=&#8221;&#8221; current_text_color_phone=&#8221;&#8221; current_text_color_last_edited=&#8221;on|desktop&#8221; current_font_size_tablet=&#8221;&#8221; current_font_size_phone=&#8221;&#8221; current_font_size_last_edited=&#8221;on|desktop&#8221; current_letter_spacing_tablet=&#8221;&#8221; current_letter_spacing_phone=&#8221;&#8221; current_letter_spacing_last_edited=&#8221;on|desktop&#8221; current_line_height_tablet=&#8221;&#8221; current_line_height_phone=&#8221;&#8221; current_line_height_last_edited=&#8221;on|desktop&#8221; module_alignment_tablet=&#8221;&#8221; module_alignment_phone=&#8221;&#8221; module_alignment_last_edited=&#8221;on|tablet&#8221; border_radii_items_tablet=&#8221;&#8221; border_radii_items_phone=&#8221;&#8221; border_radii_items_last_edited=&#8221;on|desktop&#8221; border_width_all_items_tablet=&#8221;&#8221; border_width_all_items_phone=&#8221;&#8221; border_width_all_items_last_edited=&#8221;on|desktop&#8221; border_color_all_items_tablet=&#8221;&#8221; border_color_all_items_phone=&#8221;&#8221; border_color_all_items_last_edited=&#8221;on|desktop&#8221; border_style_all_items_tablet=&#8221;&#8221; border_style_all_items_phone=&#8221;&#8221; border_style_all_items_last_edited=&#8221;on|desktop&#8221; border_radii_separators_tablet=&#8221;&#8221; border_radii_separators_phone=&#8221;&#8221; border_radii_separators_last_edited=&#8221;on|desktop&#8221; border_width_all_separators_tablet=&#8221;&#8221; border_width_all_separators_phone=&#8221;&#8221; border_width_all_separators_last_edited=&#8221;on|desktop&#8221; border_color_all_separators_tablet=&#8221;&#8221; border_color_all_separators_phone=&#8221;&#8221; border_color_all_separators_last_edited=&#8221;on|desktop&#8221; border_style_all_separators_tablet=&#8221;&#8221; border_style_all_separators_phone=&#8221;&#8221; border_style_all_separators_last_edited=&#8221;on|desktop&#8221; border_radii_current_tablet=&#8221;&#8221; border_radii_current_phone=&#8221;&#8221; border_radii_current_last_edited=&#8221;on|desktop&#8221; border_width_all_current_tablet=&#8221;&#8221; border_width_all_current_phone=&#8221;&#8221; border_width_all_current_last_edited=&#8221;on|desktop&#8221; border_color_all_current_tablet=&#8221;&#8221; border_color_all_current_phone=&#8221;&#8221; border_color_all_current_last_edited=&#8221;on|desktop&#8221; border_style_all_current_tablet=&#8221;&#8221; border_style_all_current_phone=&#8221;&#8221; border_style_all_current_last_edited=&#8221;on|desktop&#8221; global_module=&#8221;660&#8243; global_colors_info=&#8221;{}&#8221;][\/dsm_breadcrumbs][et_pb_image src=&#8221;https:\/\/www.pohy.fi\/wp-content\/uploads\/2023\/01\/Arrow.png&#8221; title_text=&#8221;Arrow&#8221; show_bottom_space=&#8221;off&#8221; src_tablet=&#8221;https:\/\/www.pohy.fi\/wp-content\/uploads\/2023\/01\/Arrow.png&#8221; src_phone=&#8221;https:\/\/www.pohy.fi\/wp-content\/uploads\/2023\/01\/Arrow.png&#8221; src_last_edited=&#8221;on|desktop&#8221; show_bottom_space_tablet=&#8221;off&#8221; show_bottom_space_phone=&#8221;off&#8221; show_bottom_space_last_edited=&#8221;on|desktop&#8221; align_tablet=&#8221;&#8221; align_phone=&#8221;&#8221; align_last_edited=&#8221;on|desktop&#8221; _builder_version=&#8221;4.19.4&#8243; _module_preset=&#8221;default&#8221; width_tablet=&#8221;&#8221; width_phone=&#8221;&#8221; width_last_edited=&#8221;on|desktop&#8221; max_width=&#8221;130px&#8221; max_width_tablet=&#8221;120px&#8221; max_width_phone=&#8221;90px&#8221; max_width_last_edited=&#8221;on|phone&#8221; min_height_tablet=&#8221;&#8221; min_height_phone=&#8221;&#8221; min_height_last_edited=&#8221;on|desktop&#8221; height_tablet=&#8221;&#8221; height_phone=&#8221;&#8221; height_last_edited=&#8221;on|desktop&#8221; max_height_tablet=&#8221;&#8221; max_height_phone=&#8221;&#8221; max_height_last_edited=&#8221;on|desktop&#8221; custom_margin=&#8221;||-50px|-3%|false|false&#8221; custom_margin_tablet=&#8221;||-50px||false|false&#8221; custom_margin_phone=&#8221;-20px||-40px||false|false&#8221; custom_margin_last_edited=&#8221;on|phone&#8221; custom_padding=&#8221;||0px|0px|false|false&#8221; custom_padding_tablet=&#8221;||0px||false|false&#8221; custom_padding_phone=&#8221;0px||0px||false|false&#8221; custom_padding_last_edited=&#8221;on|desktop&#8221; module_alignment_tablet=&#8221;&#8221; module_alignment_phone=&#8221;&#8221; module_alignment_last_edited=&#8221;on|desktop&#8221; global_colors_info=&#8221;{}&#8221;][\/et_pb_image][\/et_pb_column][\/et_pb_row][\/et_pb_section][et_pb_section fb_built=&#8221;1&#8243; _builder_version=&#8221;4.19.1&#8243; _module_preset=&#8221;default&#8221; global_colors_info=&#8221;{}&#8221;][et_pb_row _builder_version=&#8221;4.19.4&#8243; _module_preset=&#8221;default&#8221; width_tablet=&#8221;&#8221; width_phone=&#8221;&#8221; width_last_edited=&#8221;on|tablet&#8221; max_width_tablet=&#8221;&#8221; max_width_phone=&#8221;&#8221; max_width_last_edited=&#8221;on|phone&#8221; min_height_tablet=&#8221;&#8221; min_height_phone=&#8221;&#8221; min_height_last_edited=&#8221;on|desktop&#8221; height_tablet=&#8221;&#8221; height_phone=&#8221;&#8221; height_last_edited=&#8221;on|desktop&#8221; max_height_tablet=&#8221;&#8221; max_height_phone=&#8221;&#8221; max_height_last_edited=&#8221;on|desktop&#8221; module_alignment_tablet=&#8221;&#8221; module_alignment_phone=&#8221;&#8221; module_alignment_last_edited=&#8221;on|desktop&#8221; global_colors_info=&#8221;{}&#8221;][et_pb_column type=&#8221;4_4&#8243; _builder_version=&#8221;4.19.2&#8243; _module_preset=&#8221;default&#8221; global_colors_info=&#8221;{}&#8221;][et_pb_image src=&#8221;https:\/\/www.pohy.fi\/wp-content\/uploads\/2022\/12\/jarjestoklinikka_logo_rgb_web-300&#215;276-1.jpg&#8221; title_text=&#8221;jarjestoklinikka_logo_rgb_web-300&#215;276&#8243; src_last_edited=&#8221;off|desktop&#8221; show_bottom_space_tablet=&#8221;&#8221; show_bottom_space_phone=&#8221;&#8221; show_bottom_space_last_edited=&#8221;on|desktop&#8221; _builder_version=&#8221;4.19.2&#8243; _module_preset=&#8221;default&#8221; width_tablet=&#8221;&#8221; width_phone=&#8221;&#8221; width_last_edited=&#8221;on|desktop&#8221; max_width_tablet=&#8221;&#8221; max_width_phone=&#8221;&#8221; max_width_last_edited=&#8221;on|desktop&#8221; min_height_tablet=&#8221;&#8221; min_height_phone=&#8221;&#8221; min_height_last_edited=&#8221;on|desktop&#8221; height_tablet=&#8221;&#8221; height_phone=&#8221;&#8221; height_last_edited=&#8221;on|desktop&#8221; max_height_tablet=&#8221;&#8221; max_height_phone=&#8221;&#8221; max_height_last_edited=&#8221;on|desktop&#8221; custom_margin=&#8221;||30px||false|false&#8221; custom_margin_tablet=&#8221;||30px||false|false&#8221; custom_margin_phone=&#8221;||30px||false|false&#8221; custom_margin_last_edited=&#8221;on|desktop&#8221; custom_padding_tablet=&#8221;&#8221; custom_padding_phone=&#8221;&#8221; custom_padding_last_edited=&#8221;on|desktop&#8221; module_alignment_tablet=&#8221;&#8221; module_alignment_phone=&#8221;&#8221; module_alignment_last_edited=&#8221;on|desktop&#8221; global_colors_info=&#8221;{}&#8221;][\/et_pb_image][et_pb_text content_tablet=&#8221;<\/p>\n<p>STEA-rahoitteinen J\u00e4rjest\u00f6klinikka (2021-2024) tukee ja vahvistaa Etel\u00e4-Pohjanmaan, Keski-Pohjanmaan ja Pohjanmaan sosiaali- ja terveysalan j\u00e4rjest\u00f6j\u00e4, joilla on tunnustettu ja korvaamaton rooli jokaisella alueella.<\/p>\n<p>J\u00e4rjest\u00f6klinikka-hanketta haettiin j\u00e4rjest\u00f6ilt\u00e4 tulleen palautteen johdosta kev\u00e4\u00e4ll\u00e4 2021. J\u00e4rjest\u00f6kentt\u00e4 el\u00e4\u00e4 alati muuttuvassa maailmassa, ja haasteita j\u00e4rjest\u00f6jen toiminnalle tuovat jatkossakin muun muassa sote-uudistus, kuntien pienenev\u00e4t avustukset, digitalisaatio ja yhdistysv\u00e4en ik\u00e4\u00e4ntyminen.<\/p>\n<p>Jokaiseen maakuntaan perustetaan kolmivuotisen hankkeen aikana yritys-, oppilaitos-, j\u00e4senhankinta- ja hankerahoitusklinikka, jotka tukevat j\u00e4rjest\u00f6jen toimintaa. Hanketta hallinnoi Pohjanmaan Yhdistykset ry (Vaasa), ja tiivist\u00e4 yhteisty\u00f6t\u00e4 tehd\u00e4\u00e4n Yhteis\u00f6jen Yhdistys ry:n (Sein\u00e4joki) ja Kosti ry:n (Kokkola) kanssa.<\/p>\n<p>Alueiden yhdistykset, yritykset ja oppilaitokset kutsutaan mukaan kehitt\u00e4misty\u00f6h\u00f6n.<\/p>\n<p>Hankkeen yhteystiedot l\u00f6yd\u00e4t t\u00e4\u00e4lt\u00e4.<\/p>\n<p>Hankkeen kotisivut l\u00f6yd\u00e4t t\u00e4\u00e4lt\u00e4.<\/p>\n<p>&#8221; content_phone=&#8221;<\/p>\n<p>STEA-rahoitteinen J\u00e4rjest\u00f6klinikka (2021-2024) tukee ja vahvistaa Etel\u00e4-Pohjanmaan, Keski-Pohjanmaan ja Pohjanmaan sosiaali- ja terveysalan j\u00e4rjest\u00f6j\u00e4, joilla on tunnustettu ja korvaamaton rooli jokaisella alueella.<\/p>\n<p>J\u00e4rjest\u00f6klinikka-hanketta haettiin j\u00e4rjest\u00f6ilt\u00e4 tulleen palautteen johdosta kev\u00e4\u00e4ll\u00e4 2021. J\u00e4rjest\u00f6kentt\u00e4 el\u00e4\u00e4 alati muuttuvassa maailmassa, ja haasteita j\u00e4rjest\u00f6jen toiminnalle tuovat jatkossakin muun muassa sote-uudistus, kuntien pienenev\u00e4t avustukset, digitalisaatio ja yhdistysv\u00e4en ik\u00e4\u00e4ntyminen.<\/p>\n<p>Jokaiseen maakuntaan perustetaan kolmivuotisen hankkeen aikana yritys-, oppilaitos-, j\u00e4senhankinta- ja hankerahoitusklinikka, jotka tukevat j\u00e4rjest\u00f6jen toimintaa. Hanketta hallinnoi Pohjanmaan Yhdistykset ry (Vaasa), ja tiivist\u00e4 yhteisty\u00f6t\u00e4 tehd\u00e4\u00e4n Yhteis\u00f6jen Yhdistys ry:n (Sein\u00e4joki) ja Kosti ry:n (Kokkola) kanssa.<\/p>\n<p>Alueiden yhdistykset, yritykset ja oppilaitokset kutsutaan mukaan kehitt\u00e4misty\u00f6h\u00f6n.<\/p>\n<p>Hankkeen yhteystiedot l\u00f6yd\u00e4t t\u00e4\u00e4lt\u00e4.<\/p>\n<p>Hankkeen kotisivut l\u00f6yd\u00e4t <a href=%22https:\/\/www.jarjestoklinikka.fi\/%22>t\u00e4\u00e4lt\u00e4<\/a>.<\/p>\n<p>&#8221; content_last_edited=&#8221;on|tablet&#8221; _builder_version=&#8221;4.27.4&#8243; _module_preset=&#8221;default&#8221; text_font=&#8221;|300|||||||&#8221; hover_enabled=&#8221;0&#8243; text_font_tablet=&#8221;|300|||||||&#8221; text_font_phone=&#8221;|300|||||||&#8221; text_font_last_edited=&#8221;on|desktop&#8221; text_text_color_tablet=&#8221;&#8221; text_text_color_phone=&#8221;&#8221; text_text_color_last_edited=&#8221;on|desktop&#8221; text_font_size_tablet=&#8221;&#8221; text_font_size_phone=&#8221;&#8221; text_font_size_last_edited=&#8221;on|desktop&#8221; text_letter_spacing_tablet=&#8221;&#8221; text_letter_spacing_phone=&#8221;&#8221; text_letter_spacing_last_edited=&#8221;on|desktop&#8221; text_line_height_tablet=&#8221;&#8221; text_line_height_phone=&#8221;&#8221; text_line_height_last_edited=&#8221;on|desktop&#8221; text_orientation_tablet=&#8221;&#8221; text_orientation_phone=&#8221;&#8221; text_orientation_last_edited=&#8221;on|desktop&#8221; background_layout_tablet=&#8221;&#8221; background_layout_phone=&#8221;&#8221; background_layout_last_edited=&#8221;on|desktop&#8221; global_colors_info=&#8221;{}&#8221; sticky_enabled=&#8221;0&#8243;]<\/p>\n<p>STEA-rahoitteisen J\u00e4rjest\u00f6klinikka-hankkeen (2021\u20132024) tavoitteena oli tukea ja vahvistaa sosiaali- ja terveysalan j\u00e4rjest\u00f6j\u00e4 Etel\u00e4-Pohjanmaalla, Keski-Pohjanmaalla ja Pohjanmaalla. Hankkeen avulla pyrittiin vastaamaan j\u00e4rjest\u00f6kent\u00e4n moniin haasteisiin ja muutoksiin, kuten sote-uudistukseen, julkisten avustusten v\u00e4hentymiseen, digitalisaation etenemiseen ja yhdistystoimijoiden ik\u00e4\u00e4ntymiseen.<\/p>\n<p>J\u00e4rjest\u00f6klinikka-hankkeessa jokaiseen pohjalaismaakuntaan perustettiin klinikoita, joiden toiminnat keskittyiv\u00e4t j\u00e4rjest\u00f6jen oppilaitos- ja yritysyhteisty\u00f6h\u00f6n, j\u00e4senhankintaan sek\u00e4 hankerahoituksen kehitt\u00e4miseen. Hankkeen tarkoituksena oli vahvistaa kolmen maakunnan j\u00e4rjest\u00f6jen toimintakyky\u00e4 ja varmistaa niiden toimintaa muuttuvassa toimintaymp\u00e4rist\u00f6ss\u00e4.<\/p>\n<p>Hanketta hallinnoi Pohjanmaan Yhdistykset ry Vaasassa, ja yhteisty\u00f6kumppaneina toimivat Yhteis\u00f6jen Yhdistys ry Sein\u00e4joella ja Kosti ry Kokkolassa. Hankkeen toteutukseen kutsuttiin mukaan alueiden yhdistykset, yritykset ja oppilaitokset. Hankkeessa kehitetyt toiminnot on otettu k\u00e4ytt\u00f6\u00f6n osana maakuntien j\u00e4rjest\u00f6talojen omaa toimintaa, ja niit\u00e4 on laajennettu my\u00f6s yhteiseksi toiminnaksi yli maakuntarajojen.<\/p>\n<p>[\/et_pb_text][\/et_pb_column][\/et_pb_row][\/et_pb_section]<\/p>\n","protected":false},"excerpt":{"rendered":"<p>J\u00e4rjest\u00f6klinikka<div class=\"et_pb_with_border et_pb_module dsm_breadcrumbs dsm_breadcrumbs_0\">\n\t\t\t\t\n\t\t\t\t\n\t\t\t\t\n\t\t\t\t\n\t\t\t\t\n\t\t\t\t\n\t\t\t\t<div class=\"et_pb_module_inner\">\n\t\t\t\t\t<nav class=\"dsm_breadcrumbs_wrap\">\n\t\t\t\t<ul class=\"dsm_breadcrumbs\" itemscope itemtype=\"https:\/\/schema.org\/BreadcrumbList\">\t\t\t<li class=\"dsm_breadcrumbs_item dsm_home_item dsm_home_item_custom\" itemprop=\"itemListElement\" itemscope\n\t\t\titemtype=\"https:\/\/schema.org\/ListItem\">\n\t\t\t\t<a href=\"https:\/\/www.pohy.fi\/sv\" itemprop=\"item\" target=\"\">\n\t\t\t\t\t<span class='dsm_home_text_wrapper'>\n\t\t\t\t\t\t\t\t\t\t\t\t\t<span class=\"dsm_home_text\" itemprop=\"name\">\n\t\t\t\t\t\t\t\tEtusivu\t\t\t\t\t\t\t<\/span>\n\t\t\t\t\t<\/span>\n\t\t\t\t<\/a>\n\t\t\t\t<meta itemprop=\"position\" content=\"1\" \/>\n\t\t\t<\/li>\n\n\t\t<li class=\"dsm_breadcrumbs_separator\"> <span class=\"et-pb-icon dsm_separator_icon\">5<\/span><\/li><\/ul>\n\t\t\t<\/nav>\n\t\t\t\t<\/div>\n\t\t\t<\/div>STEA-rahoitteisen J\u00e4rjest\u00f6klinikka-hankkeen (2021\u20132024) tavoitteena oli tukea ja vahvistaa sosiaali- ja terveysalan j\u00e4rjest\u00f6j\u00e4 Etel\u00e4-Pohjanmaalla, Keski-Pohjanmaalla ja Pohjanmaalla. Hankkeen avulla pyrittiin vastaamaan j\u00e4rjest\u00f6kent\u00e4n moniin haasteisiin ja muutoksiin, kuten sote-uudistukseen, julkisten avustusten v\u00e4hentymiseen, digitalisaation etenemiseen ja yhdistystoimijoiden ik\u00e4\u00e4ntymiseen. J\u00e4rjest\u00f6klinikka-hankkeessa jokaiseen pohjalaismaakuntaan perustettiin klinikoita, joiden toiminnat keskittyiv\u00e4t j\u00e4rjest\u00f6jen oppilaitos- ja yritysyhteisty\u00f6h\u00f6n, j\u00e4senhankintaan sek\u00e4 hankerahoituksen kehitt\u00e4miseen. Hankkeen tarkoituksena oli vahvistaa kolmen maakunnan j\u00e4rjest\u00f6jen toimintakyky\u00e4 ja varmistaa niiden toimintaa muuttuvassa toimintaymp\u00e4rist\u00f6ss\u00e4. Hanketta hallinnoi Pohjanmaan Yhdistykset ry Vaasassa, ja yhteisty\u00f6kumppaneina toimivat Yhteis\u00f6jen [&hellip;]<\/p>\n","protected":false},"author":12,"featured_media":0,"parent":441,"menu_order":0,"comment_status":"closed","ping_status":"closed","template":"","meta":{"_et_pb_use_builder":"on","_et_pb_old_content":"","_et_gb_content_width":"","footnotes":""},"class_list":["post-491","page","type-page","status-publish","hentry"],"_links":{"self":[{"href":"https:\/\/www.pohy.fi\/sv\/wp-json\/wp\/v2\/pages\/491","targetHints":{"allow":["GET"]}}],"collection":[{"href":"https:\/\/www.pohy.fi\/sv\/wp-json\/wp\/v2\/pages"}],"about":[{"href":"https:\/\/www.pohy.fi\/sv\/wp-json\/wp\/v2\/types\/page"}],"author":[{"embeddable":true,"href":"https:\/\/www.pohy.fi\/sv\/wp-json\/wp\/v2\/users\/12"}],"replies":[{"embeddable":true,"href":"https:\/\/www.pohy.fi\/sv\/wp-json\/wp\/v2\/comments?post=491"}],"version-history":[{"count":14,"href":"https:\/\/www.pohy.fi\/sv\/wp-json\/wp\/v2\/pages\/491\/revisions"}],"predecessor-version":[{"id":106055,"href":"https:\/\/www.pohy.fi\/sv\/wp-json\/wp\/v2\/pages\/491\/revisions\/106055"}],"up":[{"embeddable":true,"href":"https:\/\/www.pohy.fi\/sv\/wp-json\/wp\/v2\/pages\/441"}],"wp:attachment":[{"href":"https:\/\/www.pohy.fi\/sv\/wp-json\/wp\/v2\/media?parent=491"}],"curies":[{"name":"wp","href":"https:\/\/api.w.org\/{rel}","templated":true}]}}