{"id":460,"date":"2022-12-13T23:41:15","date_gmt":"2022-12-13T21:41:15","guid":{"rendered":"https:\/\/www.pohy.fi\/?page_id=460"},"modified":"2024-01-19T12:08:25","modified_gmt":"2024-01-19T10:08:25","slug":"palvelut","status":"publish","type":"page","link":"https:\/\/www.pohy.fi\/sv\/palvelut\/","title":{"rendered":"Tj\u00e4nster"},"content":{"rendered":"<p>[et_pb_section fb_built=&#8221;1&#8243; custom_padding_last_edited=&#8221;on|phone&#8221; _builder_version=&#8221;4.19.4&#8243; _module_preset=&#8221;default&#8221; background_color=&#8221;rgba(18,158,219,0.2)&#8221; custom_margin_tablet=&#8221;&#8221; custom_margin_phone=&#8221;&#8221; custom_margin_last_edited=&#8221;on|desktop&#8221; custom_padding=&#8221;100px||||false|false&#8221; custom_padding_tablet=&#8221;80px||||false|false&#8221; custom_padding_phone=&#8221;60px||||false|false&#8221; top_divider_style_tablet=&#8221;&#8221; top_divider_style_phone=&#8221;&#8221; top_divider_style_last_edited=&#8221;on|desktop&#8221; top_divider_color_tablet=&#8221;&#8221; top_divider_color_phone=&#8221;&#8221; top_divider_color_last_edited=&#8221;on|desktop&#8221; top_divider_height_tablet=&#8221;&#8221; top_divider_height_phone=&#8221;&#8221; top_divider_height_last_edited=&#8221;on|desktop&#8221; top_divider_repeat_tablet=&#8221;&#8221; top_divider_repeat_phone=&#8221;&#8221; top_divider_repeat_last_edited=&#8221;on|desktop&#8221; top_divider_flip_tablet=&#8221;&#8221; top_divider_flip_phone=&#8221;&#8221; top_divider_flip_last_edited=&#8221;on|desktop&#8221; top_divider_arrangement_tablet=&#8221;&#8221; top_divider_arrangement_phone=&#8221;&#8221; top_divider_arrangement_last_edited=&#8221;on|desktop&#8221; bottom_divider_style=&#8221;wave&#8221; bottom_divider_color=&#8221;#ffffff&#8221; bottom_divider_height=&#8221;60px&#8221; bottom_divider_repeat=&#8221;8x&#8221; bottom_divider_height_tablet=&#8221;50px&#8221; bottom_divider_height_phone=&#8221;40px&#8221; bottom_divider_height_last_edited=&#8221;on|phone&#8221; bottom_divider_repeat_tablet=&#8221;4x&#8221; bottom_divider_repeat_phone=&#8221;3x&#8221; bottom_divider_repeat_last_edited=&#8221;on|tablet&#8221; background_last_edited=&#8221;on|desktop&#8221; global_colors_info=&#8221;{}&#8221;][et_pb_row _builder_version=&#8221;4.19.3&#8243; _module_preset=&#8221;default&#8221; global_colors_info=&#8221;{}&#8221;][et_pb_column type=&#8221;4_4&#8243; _builder_version=&#8221;4.19.3&#8243; _module_preset=&#8221;default&#8221; global_colors_info=&#8221;{}&#8221;][et_pb_text content_tablet=&#8221;<\/p>\n<h1>J\u00e4rjest\u00f6palvelut<\/h1>\n<p>&#8221; content_phone=&#8221;<\/p>\n<h1>J\u00e4rjest\u00f6palvelut<\/h1>\n<p>&#8221; content_last_edited=&#8221;on|phone&#8221; _builder_version=&#8221;4.19.4&#8243; _module_preset=&#8221;default&#8221; global_colors_info=&#8221;{}&#8221;]<\/p>\n<h1>J\u00e4rjest\u00f6palvelut<\/h1>\n<p>[\/et_pb_text][dsm_breadcrumbs home_text=&#8221;Etusivu&#8221; show_home_icon=&#8221;off&#8221; items_bottom_tablet=&#8221;&#8221; items_bottom_phone=&#8221;&#8221; items_bottom_last_edited=&#8221;on|desktop&#8221; items_padding_tablet=&#8221;&#8221; items_padding_phone=&#8221;&#8221; items_padding_last_edited=&#8221;on|desktop&#8221; separator_bottom_tablet=&#8221;&#8221; separator_bottom_phone=&#8221;&#8221; separator_bottom_last_edited=&#8221;on|desktop&#8221; separator_padding_tablet=&#8221;&#8221; separator_padding_phone=&#8221;&#8221; separator_padding_last_edited=&#8221;on|desktop&#8221; current_bottom_tablet=&#8221;&#8221; current_bottom_phone=&#8221;&#8221; current_bottom_last_edited=&#8221;on|desktop&#8221; current_padding_tablet=&#8221;&#8221; current_padding_phone=&#8221;&#8221; current_padding_last_edited=&#8221;on|desktop&#8221; _builder_version=&#8221;4.19.4&#8243; _module_preset=&#8221;default&#8221; items_font=&#8221;|300|||||||&#8221; items_text_color=&#8221;#000000&#8243; current_font=&#8221;|600|||||||&#8221; width_tablet=&#8221;&#8221; width_phone=&#8221;&#8221; width_last_edited=&#8221;on|tablet&#8221; max_width_tablet=&#8221;&#8221; max_width_phone=&#8221;&#8221; max_width_last_edited=&#8221;on|tablet&#8221; min_height_tablet=&#8221;&#8221; min_height_phone=&#8221;&#8221; min_height_last_edited=&#8221;on|tablet&#8221; height_tablet=&#8221;&#8221; height_phone=&#8221;&#8221; height_last_edited=&#8221;on|tablet&#8221; max_height_tablet=&#8221;&#8221; max_height_phone=&#8221;&#8221; max_height_last_edited=&#8221;on|tablet&#8221; custom_margin=&#8221;||||false|false&#8221; custom_margin_tablet=&#8221;&#8221; custom_margin_phone=&#8221;||||false|false&#8221; custom_margin_last_edited=&#8221;on|desktop&#8221; custom_padding=&#8221;||30px||false|false&#8221; custom_padding_tablet=&#8221;||10px||false|false&#8221; custom_padding_phone=&#8221;||||false|false&#8221; custom_padding_last_edited=&#8221;on|phone&#8221; items_font_tablet=&#8221;|300|||||||&#8221; items_font_phone=&#8221;|300|||||||&#8221; items_font_last_edited=&#8221;on|desktop&#8221; items_text_color_tablet=&#8221;#000000&#8243; items_text_color_phone=&#8221;#000000&#8243; items_text_color_last_edited=&#8221;on|desktop&#8221; items_font_size_tablet=&#8221;&#8221; items_font_size_phone=&#8221;&#8221; items_font_size_last_edited=&#8221;on|desktop&#8221; items_letter_spacing_tablet=&#8221;&#8221; items_letter_spacing_phone=&#8221;&#8221; items_letter_spacing_last_edited=&#8221;on|desktop&#8221; items_line_height_tablet=&#8221;&#8221; items_line_height_phone=&#8221;&#8221; items_line_height_last_edited=&#8221;on|desktop&#8221; separators_text_color_tablet=&#8221;&#8221; separators_text_color_phone=&#8221;&#8221; separators_text_color_last_edited=&#8221;on|desktop&#8221; separators_font_size_tablet=&#8221;&#8221; separators_font_size_phone=&#8221;&#8221; separators_font_size_last_edited=&#8221;on|desktop&#8221; current_font_tablet=&#8221;|600|||||||&#8221; current_font_phone=&#8221;|600|||||||&#8221; current_font_last_edited=&#8221;on|desktop&#8221; current_text_color_tablet=&#8221;&#8221; current_text_color_phone=&#8221;&#8221; current_text_color_last_edited=&#8221;on|desktop&#8221; current_font_size_tablet=&#8221;&#8221; current_font_size_phone=&#8221;&#8221; current_font_size_last_edited=&#8221;on|desktop&#8221; current_letter_spacing_tablet=&#8221;&#8221; current_letter_spacing_phone=&#8221;&#8221; current_letter_spacing_last_edited=&#8221;on|desktop&#8221; current_line_height_tablet=&#8221;&#8221; current_line_height_phone=&#8221;&#8221; current_line_height_last_edited=&#8221;on|desktop&#8221; module_alignment_tablet=&#8221;&#8221; module_alignment_phone=&#8221;&#8221; module_alignment_last_edited=&#8221;on|tablet&#8221; border_radii_items_tablet=&#8221;&#8221; border_radii_items_phone=&#8221;&#8221; border_radii_items_last_edited=&#8221;on|desktop&#8221; border_width_all_items_tablet=&#8221;&#8221; border_width_all_items_phone=&#8221;&#8221; border_width_all_items_last_edited=&#8221;on|desktop&#8221; border_color_all_items_tablet=&#8221;&#8221; border_color_all_items_phone=&#8221;&#8221; border_color_all_items_last_edited=&#8221;on|desktop&#8221; border_style_all_items_tablet=&#8221;&#8221; border_style_all_items_phone=&#8221;&#8221; border_style_all_items_last_edited=&#8221;on|desktop&#8221; border_radii_separators_tablet=&#8221;&#8221; border_radii_separators_phone=&#8221;&#8221; border_radii_separators_last_edited=&#8221;on|desktop&#8221; border_width_all_separators_tablet=&#8221;&#8221; border_width_all_separators_phone=&#8221;&#8221; border_width_all_separators_last_edited=&#8221;on|desktop&#8221; border_color_all_separators_tablet=&#8221;&#8221; border_color_all_separators_phone=&#8221;&#8221; border_color_all_separators_last_edited=&#8221;on|desktop&#8221; border_style_all_separators_tablet=&#8221;&#8221; border_style_all_separators_phone=&#8221;&#8221; border_style_all_separators_last_edited=&#8221;on|desktop&#8221; border_radii_current_tablet=&#8221;&#8221; border_radii_current_phone=&#8221;&#8221; border_radii_current_last_edited=&#8221;on|desktop&#8221; border_width_all_current_tablet=&#8221;&#8221; border_width_all_current_phone=&#8221;&#8221; border_width_all_current_last_edited=&#8221;on|desktop&#8221; border_color_all_current_tablet=&#8221;&#8221; border_color_all_current_phone=&#8221;&#8221; border_color_all_current_last_edited=&#8221;on|desktop&#8221; border_style_all_current_tablet=&#8221;&#8221; border_style_all_current_phone=&#8221;&#8221; border_style_all_current_last_edited=&#8221;on|desktop&#8221; global_module=&#8221;660&#8243; global_colors_info=&#8221;{}&#8221;][\/dsm_breadcrumbs][et_pb_image src=&#8221;https:\/\/www.pohy.fi\/wp-content\/uploads\/2023\/01\/Arrow.png&#8221; title_text=&#8221;Arrow&#8221; show_bottom_space=&#8221;off&#8221; src_tablet=&#8221;https:\/\/www.pohy.fi\/wp-content\/uploads\/2023\/01\/Arrow.png&#8221; src_phone=&#8221;https:\/\/www.pohy.fi\/wp-content\/uploads\/2023\/01\/Arrow.png&#8221; src_last_edited=&#8221;on|desktop&#8221; show_bottom_space_tablet=&#8221;off&#8221; show_bottom_space_phone=&#8221;off&#8221; show_bottom_space_last_edited=&#8221;on|desktop&#8221; align_tablet=&#8221;&#8221; align_phone=&#8221;&#8221; align_last_edited=&#8221;on|desktop&#8221; _builder_version=&#8221;4.19.4&#8243; _module_preset=&#8221;default&#8221; width_tablet=&#8221;&#8221; width_phone=&#8221;&#8221; width_last_edited=&#8221;on|desktop&#8221; max_width=&#8221;130px&#8221; max_width_tablet=&#8221;120px&#8221; max_width_phone=&#8221;90px&#8221; max_width_last_edited=&#8221;on|phone&#8221; min_height_tablet=&#8221;&#8221; min_height_phone=&#8221;&#8221; min_height_last_edited=&#8221;on|desktop&#8221; height_tablet=&#8221;&#8221; height_phone=&#8221;&#8221; height_last_edited=&#8221;on|desktop&#8221; max_height_tablet=&#8221;&#8221; max_height_phone=&#8221;&#8221; max_height_last_edited=&#8221;on|desktop&#8221; custom_margin=&#8221;||-50px|-3%|false|false&#8221; custom_margin_tablet=&#8221;||-50px||false|false&#8221; custom_margin_phone=&#8221;-20px||-40px||false|false&#8221; custom_margin_last_edited=&#8221;on|phone&#8221; custom_padding=&#8221;||0px|0px|false|false&#8221; custom_padding_tablet=&#8221;||0px||false|false&#8221; custom_padding_phone=&#8221;0px||0px||false|false&#8221; custom_padding_last_edited=&#8221;on|desktop&#8221; module_alignment_tablet=&#8221;&#8221; module_alignment_phone=&#8221;&#8221; module_alignment_last_edited=&#8221;on|desktop&#8221; global_colors_info=&#8221;{}&#8221;][\/et_pb_image][\/et_pb_column][\/et_pb_row][\/et_pb_section][et_pb_section fb_built=&#8221;1&#8243; custom_padding_last_edited=&#8221;on|desktop&#8221; _builder_version=&#8221;4.19.3&#8243; _module_preset=&#8221;default&#8221; custom_margin_tablet=&#8221;&#8221; custom_margin_phone=&#8221;||||false|false&#8221; custom_margin_last_edited=&#8221;on|phone&#8221; custom_padding_tablet=&#8221;&#8221; custom_padding_phone=&#8221;||||false|false&#8221; global_colors_info=&#8221;{}&#8221;][et_pb_row _builder_version=&#8221;4.19.4&#8243; _module_preset=&#8221;default&#8221; width_tablet=&#8221;&#8221; width_phone=&#8221;&#8221; width_last_edited=&#8221;on|phone&#8221; max_width_tablet=&#8221;&#8221; max_width_phone=&#8221;&#8221; max_width_last_edited=&#8221;on|tablet&#8221; min_height_tablet=&#8221;&#8221; min_height_phone=&#8221;&#8221; min_height_last_edited=&#8221;on|tablet&#8221; height_tablet=&#8221;&#8221; height_phone=&#8221;&#8221; height_last_edited=&#8221;on|tablet&#8221; max_height_tablet=&#8221;&#8221; max_height_phone=&#8221;&#8221; max_height_last_edited=&#8221;on|tablet&#8221; module_alignment_tablet=&#8221;&#8221; module_alignment_phone=&#8221;&#8221; module_alignment_last_edited=&#8221;on|tablet&#8221; global_colors_info=&#8221;{}&#8221;][et_pb_column type=&#8221;4_4&#8243; _builder_version=&#8221;4.19.1&#8243; _module_preset=&#8221;default&#8221; global_colors_info=&#8221;{}&#8221;][et_pb_text quote_border_color=&#8221;#F84E98&#8243; content_tablet=&#8221;<\/p>\n<h2>Tervetuloa Pohjanmaan Yhdistyksiin!<\/h2>\n<p>Pohjanmaan Yhdistykset ry \u2013 \u00d6sterbottens F\u00f6reningar rf (POHY) on hyvinvoinnin, sosiaali- ja terveysalan yhdistysten katto-organisaatio. Meille on t\u00e4rke\u00e4\u00e4 levitt\u00e4\u00e4 tietoa sek\u00e4 toimia paremman arjen puolesta. POHY:ll\u00e4 on yhteisty\u00f6suhteet mm. Vaasan kaupungin, Vaasan keskussairaalan, Pohjanmaan liiton, useiden oppilaitosten sek\u00e4 eri organisaatioiden kanssa. POHY:n toiminnan tarkoituksena on tukea Pohjanmaan seudun v\u00e4est\u00f6n hyvinvointia ja edist\u00e4\u00e4 j\u00e4senyhdistysten yhteisty\u00f6t\u00e4 sek\u00e4 kesken\u00e4\u00e4n ett\u00e4 julkiseen sektoriin ja muihin tahoihin sek\u00e4 toimia kohtaamispaikan j\u00e4rjest\u00e4j\u00e4n\u00e4.<\/p>\n<p>POHY:n toimitilat sijaitsevat Vaasassa, Korsholmanpuistikko 44, 2 krs, 65100 Vaasa. J\u00e4rjest\u00f6keskuksemme toimintaa rahoittaa STEA. Saamme taloudellista tukea my\u00f6s s\u00e4\u00e4ti\u00f6ilt\u00e4. <\/p>\n<blockquote>\n<p>%22Yhdistys- ja j\u00e4rjest\u00f6toiminnalla on suuri merkitys hyvinvointia rakennettaessa. Pohjanmaan maakunnassa toimii useita sosiaali- ja terveysj\u00e4rjest\u00f6j\u00e4, joiden toiminta on merkitt\u00e4v\u00e4 yhteiskunnallinen panos ja t\u00e4rke\u00e4 terveyden edist\u00e4misen tekij\u00e4%22.<\/p>\n<\/blockquote>\n<p>K\u00e4yt\u00e4nn\u00f6n toiminta alkoi vuonna 2011 RAY:n rahoituksella kolmevuotisella Filantropia Center-hankeella, jonka tavoitteena oli j\u00e4rjest\u00f6keskustoiminnan k\u00e4ynnist\u00e4minen. Toiminta on vakiintunut ja nykyisell\u00e4\u00e4n POHY:ll\u00e4 on STEA:n ak-rahoitus j\u00e4rjest\u00f6keskuksen yll\u00e4pit\u00e4m\u00e4\u00e4n toimintaan. Lis\u00e4ksi meill\u00e4 ty\u00f6skentelee STEA:n rahoituksella Paikka-auki hankkeessa ty\u00f6ntekij\u00e4.<\/p>\n<p>J\u00e4rjest\u00f6keskuksesta on my\u00f6s mahdollista varata kokoustiloja.<\/p>\n<p>&#8221; content_phone=&#8221;<\/p>\n<h2>Tervetuloa Pohjanmaan Yhdistyksiin!<\/h2>\n<p>Pohjanmaan Yhdistykset ry \u2013 \u00d6sterbottens F\u00f6reningar rf (POHY) on hyvinvoinnin, sosiaali- ja terveysalan yhdistysten katto-organisaatio. Meille on t\u00e4rke\u00e4\u00e4 levitt\u00e4\u00e4 tietoa sek\u00e4 toimia paremman arjen puolesta. POHY:ll\u00e4 on yhteisty\u00f6suhteet mm. Vaasan kaupungin, Vaasan keskussairaalan, Pohjanmaan liiton, useiden oppilaitosten sek\u00e4 eri organisaatioiden kanssa. POHY:n toiminnan tarkoituksena on tukea Pohjanmaan seudun v\u00e4est\u00f6n hyvinvointia ja edist\u00e4\u00e4 j\u00e4senyhdistysten yhteisty\u00f6t\u00e4 sek\u00e4 kesken\u00e4\u00e4n ett\u00e4 julkiseen sektoriin ja muihin tahoihin sek\u00e4 toimia kohtaamispaikan j\u00e4rjest\u00e4j\u00e4n\u00e4.<\/p>\n<p>POHY:n toimitilat sijaitsevat Vaasassa, Korsholmanpuistikko 44, 2 krs, 65100 Vaasa. J\u00e4rjest\u00f6keskuksemme toimintaa rahoittaa STEA. Saamme taloudellista tukea my\u00f6s s\u00e4\u00e4ti\u00f6ilt\u00e4. <\/p>\n<blockquote>\n<p>%22Yhdistys- ja j\u00e4rjest\u00f6toiminnalla on suuri merkitys hyvinvointia rakennettaessa. Pohjanmaan maakunnassa toimii useita sosiaali- ja terveysj\u00e4rjest\u00f6j\u00e4, joiden toiminta on merkitt\u00e4v\u00e4 yhteiskunnallinen panos ja t\u00e4rke\u00e4 terveyden edist\u00e4misen tekij\u00e4%22.<\/p>\n<\/blockquote>\n<p>K\u00e4yt\u00e4nn\u00f6n toiminta alkoi vuonna 2011 RAY:n rahoituksella kolmevuotisella Filantropia Center-hankeella, jonka tavoitteena oli j\u00e4rjest\u00f6keskustoiminnan k\u00e4ynnist\u00e4minen. Toiminta on vakiintunut ja nykyisell\u00e4\u00e4n POHY:ll\u00e4 on STEA:n ak-rahoitus j\u00e4rjest\u00f6keskuksen yll\u00e4pit\u00e4m\u00e4\u00e4n toimintaan. Lis\u00e4ksi meill\u00e4 ty\u00f6skentelee STEA:n rahoituksella Paikka-auki hankkeessa ty\u00f6ntekij\u00e4.<\/p>\n<p>J\u00e4rjest\u00f6keskuksesta on my\u00f6s mahdollista varata kokoustiloja.<\/p>\n<p>&#8221; content_last_edited=&#8221;on|phone&#8221; quote_border_weight_tablet=&#8221;&#8221; quote_border_weight_phone=&#8221;&#8221; quote_border_weight_last_edited=&#8221;on|desktop&#8221; quote_border_color_tablet=&#8221;#F84E98&#8243; quote_border_color_phone=&#8221;#F84E98&#8243; quote_border_color_last_edited=&#8221;on|desktop&#8221; _builder_version=&#8221;4.19.4&#8243; _module_preset=&#8221;default&#8221; text_font=&#8221;|300|||||||&#8221; quote_font=&#8221;||on||||||&#8221; quote_text_color=&#8221;#F84E98&#8243; text_font_tablet=&#8221;|300|||||||&#8221; text_font_phone=&#8221;|300|||||||&#8221; text_font_last_edited=&#8221;on|desktop&#8221; text_text_color_tablet=&#8221;&#8221; text_text_color_phone=&#8221;&#8221; text_text_color_last_edited=&#8221;on|desktop&#8221; text_font_size_tablet=&#8221;&#8221; text_font_size_phone=&#8221;&#8221; text_font_size_last_edited=&#8221;on|desktop&#8221; text_letter_spacing_tablet=&#8221;&#8221; text_letter_spacing_phone=&#8221;&#8221; text_letter_spacing_last_edited=&#8221;on|desktop&#8221; text_line_height_tablet=&#8221;&#8221; text_line_height_phone=&#8221;&#8221; text_line_height_last_edited=&#8221;on|desktop&#8221; quote_font_tablet=&#8221;||on||||||&#8221; quote_font_phone=&#8221;||on||||||&#8221; quote_font_last_edited=&#8221;on|desktop&#8221; quote_text_align_tablet=&#8221;&#8221; quote_text_align_phone=&#8221;&#8221; quote_text_align_last_edited=&#8221;on|desktop&#8221; quote_text_color_tablet=&#8221;#F84E98&#8243; quote_text_color_phone=&#8221;#F84E98&#8243; quote_text_color_last_edited=&#8221;on|desktop&#8221; quote_font_size_tablet=&#8221;&#8221; quote_font_size_phone=&#8221;&#8221; quote_font_size_last_edited=&#8221;on|desktop&#8221; quote_letter_spacing_tablet=&#8221;&#8221; quote_letter_spacing_phone=&#8221;&#8221; quote_letter_spacing_last_edited=&#8221;on|desktop&#8221; quote_line_height_tablet=&#8221;&#8221; quote_line_height_phone=&#8221;&#8221; quote_line_height_last_edited=&#8221;on|desktop&#8221; text_orientation_tablet=&#8221;&#8221; text_orientation_phone=&#8221;&#8221; text_orientation_last_edited=&#8221;on|desktop&#8221; background_layout_tablet=&#8221;&#8221; background_layout_phone=&#8221;&#8221; background_layout_last_edited=&#8221;on|desktop&#8221; global_colors_info=&#8221;{}&#8221;]<\/p>\n<h2>Tervetuloa Pohjanmaan Yhdistyksiin!<\/h2>\n<p>Pohjanmaan Yhdistykset ry \u2013 \u00d6sterbottens F\u00f6reningar rf (POHY) on hyvinvoinnin, sosiaali- ja terveysalan yhdistysten katto-organisaatio. Meille on t\u00e4rke\u00e4\u00e4 levitt\u00e4\u00e4 tietoa sek\u00e4 toimia paremman arjen puolesta. POHY:ll\u00e4 on yhteisty\u00f6suhteet mm. Vaasan kaupungin, Vaasan keskussairaalan, Pohjanmaan liiton, useiden oppilaitosten sek\u00e4 eri organisaatioiden kanssa. POHY:n toiminnan tarkoituksena on tukea Pohjanmaan seudun v\u00e4est\u00f6n hyvinvointia ja edist\u00e4\u00e4 j\u00e4senyhdistysten yhteisty\u00f6t\u00e4 sek\u00e4 kesken\u00e4\u00e4n ett\u00e4 julkiseen sektoriin ja muihin tahoihin sek\u00e4 toimia kohtaamispaikan j\u00e4rjest\u00e4j\u00e4n\u00e4.<\/p>\n<p>POHY:n toimitilat sijaitsevat Vaasassa, Korsholmanpuistikko 44, 2 krs, 65100 Vaasa. J\u00e4rjest\u00f6keskuksemme toimintaa rahoittaa STEA. Saamme taloudellista tukea my\u00f6s\u00a0s\u00e4\u00e4ti\u00f6ilt\u00e4.\u200b<\/p>\n<blockquote>\n<p>&#8221;Yhdistys- ja j\u00e4rjest\u00f6toiminnalla on suuri merkitys hyvinvointia rakennettaessa. Pohjanmaan maakunnassa toimii useita sosiaali- ja terveysj\u00e4rjest\u00f6j\u00e4, joiden toiminta on merkitt\u00e4v\u00e4 yhteiskunnallinen panos ja t\u00e4rke\u00e4 terveyden edist\u00e4misen tekij\u00e4&#8221;.<\/p>\n<\/blockquote>\n<p>K\u00e4yt\u00e4nn\u00f6n toiminta alkoi vuonna 2011 RAY:n rahoituksella kolmevuotisella Filantropia Center-hankeella, jonka tavoitteena oli j\u00e4rjest\u00f6keskustoiminnan k\u00e4ynnist\u00e4minen. Toiminta on vakiintunut ja nykyisell\u00e4\u00e4n POHY:ll\u00e4 on STEA:n ak-rahoitus j\u00e4rjest\u00f6keskuksen yll\u00e4pit\u00e4m\u00e4\u00e4n toimintaan. Lis\u00e4ksi meill\u00e4 ty\u00f6skentelee STEA:n rahoituksella Paikka-auki hankkeessa ty\u00f6ntekij\u00e4.<\/p>\n<p>J\u00e4rjest\u00f6keskuksesta on my\u00f6s mahdollista varata kokoustiloja.<\/p>\n<p>[\/et_pb_text][\/et_pb_column][\/et_pb_row][\/et_pb_section]<\/p>\n","protected":false},"excerpt":{"rendered":"<p>J\u00e4rjest\u00f6palvelut<div class=\"et_pb_with_border et_pb_module dsm_breadcrumbs dsm_breadcrumbs_0\">\n\t\t\t\t\n\t\t\t\t\n\t\t\t\t\n\t\t\t\t\n\t\t\t\t\n\t\t\t\t\n\t\t\t\t<div class=\"et_pb_module_inner\">\n\t\t\t\t\t<nav class=\"dsm_breadcrumbs_wrap\">\n\t\t\t\t<ul class=\"dsm_breadcrumbs\" itemscope itemtype=\"https:\/\/schema.org\/BreadcrumbList\">\t\t\t<li class=\"dsm_breadcrumbs_item dsm_home_item dsm_home_item_custom\" itemprop=\"itemListElement\" itemscope\n\t\t\titemtype=\"https:\/\/schema.org\/ListItem\">\n\t\t\t\t<a href=\"https:\/\/www.pohy.fi\/sv\" itemprop=\"item\" target=\"\">\n\t\t\t\t\t<span class='dsm_home_text_wrapper'>\n\t\t\t\t\t\t\t\t\t\t\t\t\t<span class=\"dsm_home_text\" itemprop=\"name\">\n\t\t\t\t\t\t\t\tEtusivu\t\t\t\t\t\t\t<\/span>\n\t\t\t\t\t<\/span>\n\t\t\t\t<\/a>\n\t\t\t\t<meta itemprop=\"position\" content=\"1\" \/>\n\t\t\t<\/li>\n\n\t\t<li class=\"dsm_breadcrumbs_separator\"> <span class=\"et-pb-icon dsm_separator_icon\">5<\/span><\/li><\/ul>\n\t\t\t<\/nav>\n\t\t\t\t<\/div>\n\t\t\t<\/div>Tervetuloa Pohjanmaan Yhdistyksiin! Pohjanmaan Yhdistykset ry \u2013 \u00d6sterbottens F\u00f6reningar rf (POHY) on hyvinvoinnin, sosiaali- ja terveysalan yhdistysten katto-organisaatio. Meille on t\u00e4rke\u00e4\u00e4 levitt\u00e4\u00e4 tietoa sek\u00e4 toimia paremman arjen puolesta. POHY:ll\u00e4 on yhteisty\u00f6suhteet mm. Vaasan kaupungin, Vaasan keskussairaalan, Pohjanmaan liiton, useiden oppilaitosten sek\u00e4 eri organisaatioiden kanssa. POHY:n toiminnan tarkoituksena on tukea Pohjanmaan seudun v\u00e4est\u00f6n hyvinvointia ja edist\u00e4\u00e4 j\u00e4senyhdistysten yhteisty\u00f6t\u00e4 sek\u00e4 kesken\u00e4\u00e4n ett\u00e4 julkiseen sektoriin ja muihin tahoihin sek\u00e4 toimia kohtaamispaikan j\u00e4rjest\u00e4j\u00e4n\u00e4. POHY:n toimitilat sijaitsevat Vaasassa, Korsholmanpuistikko 44, [&hellip;]<\/p>\n","protected":false},"author":12,"featured_media":0,"parent":0,"menu_order":0,"comment_status":"closed","ping_status":"closed","template":"","meta":{"_et_pb_use_builder":"on","_et_pb_old_content":"","_et_gb_content_width":"","footnotes":""},"class_list":["post-460","page","type-page","status-publish","hentry"],"_links":{"self":[{"href":"https:\/\/www.pohy.fi\/sv\/wp-json\/wp\/v2\/pages\/460","targetHints":{"allow":["GET"]}}],"collection":[{"href":"https:\/\/www.pohy.fi\/sv\/wp-json\/wp\/v2\/pages"}],"about":[{"href":"https:\/\/www.pohy.fi\/sv\/wp-json\/wp\/v2\/types\/page"}],"author":[{"embeddable":true,"href":"https:\/\/www.pohy.fi\/sv\/wp-json\/wp\/v2\/users\/12"}],"replies":[{"embeddable":true,"href":"https:\/\/www.pohy.fi\/sv\/wp-json\/wp\/v2\/comments?post=460"}],"version-history":[{"count":18,"href":"https:\/\/www.pohy.fi\/sv\/wp-json\/wp\/v2\/pages\/460\/revisions"}],"predecessor-version":[{"id":104479,"href":"https:\/\/www.pohy.fi\/sv\/wp-json\/wp\/v2\/pages\/460\/revisions\/104479"}],"wp:attachment":[{"href":"https:\/\/www.pohy.fi\/sv\/wp-json\/wp\/v2\/media?parent=460"}],"curies":[{"name":"wp","href":"https:\/\/api.w.org\/{rel}","templated":true}]}}