{"id":249,"date":"2022-12-10T09:53:12","date_gmt":"2022-12-10T07:53:12","guid":{"rendered":"https:\/\/www.pohy.fi\/?page_id=249"},"modified":"2026-03-06T12:59:28","modified_gmt":"2026-03-06T10:59:28","slug":"tietoa-meista","status":"publish","type":"page","link":"https:\/\/www.pohy.fi\/sv\/tietoa-meista\/","title":{"rendered":"Om oss"},"content":{"rendered":"<p>[et_pb_section fb_built=&#8221;1&#8243; custom_padding_last_edited=&#8221;on|phone&#8221; _builder_version=&#8221;4.19.4&#8243; _module_preset=&#8221;default&#8221; background_color=&#8221;rgba(18,158,219,0.2)&#8221; custom_margin_tablet=&#8221;&#8221; custom_margin_phone=&#8221;&#8221; custom_margin_last_edited=&#8221;on|desktop&#8221; custom_padding=&#8221;100px||||false|false&#8221; custom_padding_tablet=&#8221;80px||||false|false&#8221; custom_padding_phone=&#8221;60px||||false|false&#8221; top_divider_style_tablet=&#8221;&#8221; top_divider_style_phone=&#8221;&#8221; top_divider_style_last_edited=&#8221;on|desktop&#8221; top_divider_color_tablet=&#8221;&#8221; top_divider_color_phone=&#8221;&#8221; top_divider_color_last_edited=&#8221;on|desktop&#8221; top_divider_height_tablet=&#8221;&#8221; top_divider_height_phone=&#8221;&#8221; top_divider_height_last_edited=&#8221;on|desktop&#8221; top_divider_repeat_tablet=&#8221;&#8221; top_divider_repeat_phone=&#8221;&#8221; top_divider_repeat_last_edited=&#8221;on|desktop&#8221; top_divider_flip_tablet=&#8221;&#8221; top_divider_flip_phone=&#8221;&#8221; top_divider_flip_last_edited=&#8221;on|desktop&#8221; top_divider_arrangement_tablet=&#8221;&#8221; top_divider_arrangement_phone=&#8221;&#8221; top_divider_arrangement_last_edited=&#8221;on|desktop&#8221; bottom_divider_style=&#8221;wave&#8221; bottom_divider_color=&#8221;#ffffff&#8221; bottom_divider_height=&#8221;60px&#8221; bottom_divider_repeat=&#8221;8x&#8221; bottom_divider_height_tablet=&#8221;50px&#8221; bottom_divider_height_phone=&#8221;40px&#8221; bottom_divider_height_last_edited=&#8221;on|phone&#8221; bottom_divider_repeat_tablet=&#8221;4x&#8221; bottom_divider_repeat_phone=&#8221;3x&#8221; bottom_divider_repeat_last_edited=&#8221;on|tablet&#8221; background_last_edited=&#8221;on|desktop&#8221; global_colors_info=&#8221;{}&#8221;][et_pb_row _builder_version=&#8221;4.19.3&#8243; _module_preset=&#8221;default&#8221; global_colors_info=&#8221;{}&#8221;][et_pb_column type=&#8221;4_4&#8243; _builder_version=&#8221;4.19.3&#8243; _module_preset=&#8221;default&#8221; global_colors_info=&#8221;{}&#8221;][et_pb_text content_tablet=&#8221;<\/p>\n<h1>Tietoa meist\u00e4<\/h1>\n<p>&#8221; content_phone=&#8221;<\/p>\n<h1>Tietoa meist\u00e4<\/h1>\n<p>&#8221; content_last_edited=&#8221;on|phone&#8221; _builder_version=&#8221;4.19.4&#8243; _module_preset=&#8221;default&#8221; global_colors_info=&#8221;{}&#8221;]<\/p>\n<h1>Tietoa meist\u00e4<\/h1>\n<p>[\/et_pb_text][dsm_breadcrumbs home_text=&#8221;Etusivu&#8221; show_home_icon=&#8221;off&#8221; items_bottom_tablet=&#8221;&#8221; items_bottom_phone=&#8221;&#8221; items_bottom_last_edited=&#8221;on|desktop&#8221; items_padding_tablet=&#8221;&#8221; items_padding_phone=&#8221;&#8221; items_padding_last_edited=&#8221;on|desktop&#8221; separator_bottom_tablet=&#8221;&#8221; separator_bottom_phone=&#8221;&#8221; separator_bottom_last_edited=&#8221;on|desktop&#8221; separator_padding_tablet=&#8221;&#8221; separator_padding_phone=&#8221;&#8221; separator_padding_last_edited=&#8221;on|desktop&#8221; current_bottom_tablet=&#8221;&#8221; current_bottom_phone=&#8221;&#8221; current_bottom_last_edited=&#8221;on|desktop&#8221; current_padding_tablet=&#8221;&#8221; current_padding_phone=&#8221;&#8221; current_padding_last_edited=&#8221;on|desktop&#8221; _builder_version=&#8221;4.27.5&#8243; _module_preset=&#8221;default&#8221; items_font=&#8221;|300|||||||&#8221; items_text_color=&#8221;#000000&#8243; current_font=&#8221;|600|||||||&#8221; width_tablet=&#8221;&#8221; width_phone=&#8221;&#8221; width_last_edited=&#8221;on|tablet&#8221; max_width_tablet=&#8221;&#8221; max_width_phone=&#8221;&#8221; max_width_last_edited=&#8221;on|tablet&#8221; min_height_tablet=&#8221;&#8221; min_height_phone=&#8221;&#8221; min_height_last_edited=&#8221;on|tablet&#8221; height_tablet=&#8221;&#8221; height_phone=&#8221;&#8221; height_last_edited=&#8221;on|tablet&#8221; max_height_tablet=&#8221;&#8221; max_height_phone=&#8221;&#8221; max_height_last_edited=&#8221;on|tablet&#8221; custom_margin=&#8221;||||false|false&#8221; custom_margin_tablet=&#8221;&#8221; custom_margin_phone=&#8221;||||false|false&#8221; custom_margin_last_edited=&#8221;on|desktop&#8221; custom_padding=&#8221;||30px||false|false&#8221; custom_padding_tablet=&#8221;||10px||false|false&#8221; custom_padding_phone=&#8221;||||false|false&#8221; custom_padding_last_edited=&#8221;on|phone&#8221; items_font_tablet=&#8221;|300|||||||&#8221; items_font_phone=&#8221;|300|||||||&#8221; items_font_last_edited=&#8221;on|desktop&#8221; items_text_color_tablet=&#8221;#000000&#8243; items_text_color_phone=&#8221;#000000&#8243; items_text_color_last_edited=&#8221;on|desktop&#8221; items_font_size_tablet=&#8221;&#8221; items_font_size_phone=&#8221;&#8221; items_font_size_last_edited=&#8221;on|desktop&#8221; items_letter_spacing_tablet=&#8221;&#8221; items_letter_spacing_phone=&#8221;&#8221; items_letter_spacing_last_edited=&#8221;on|desktop&#8221; items_line_height_tablet=&#8221;&#8221; items_line_height_phone=&#8221;&#8221; items_line_height_last_edited=&#8221;on|desktop&#8221; separators_text_color_tablet=&#8221;&#8221; separators_text_color_phone=&#8221;&#8221; separators_text_color_last_edited=&#8221;on|desktop&#8221; separators_font_size_tablet=&#8221;&#8221; separators_font_size_phone=&#8221;&#8221; separators_font_size_last_edited=&#8221;on|desktop&#8221; current_font_tablet=&#8221;|600|||||||&#8221; current_font_phone=&#8221;|600|||||||&#8221; current_font_last_edited=&#8221;on|desktop&#8221; current_text_color_tablet=&#8221;&#8221; current_text_color_phone=&#8221;&#8221; current_text_color_last_edited=&#8221;on|desktop&#8221; current_font_size_tablet=&#8221;&#8221; current_font_size_phone=&#8221;&#8221; current_font_size_last_edited=&#8221;on|desktop&#8221; current_letter_spacing_tablet=&#8221;&#8221; current_letter_spacing_phone=&#8221;&#8221; current_letter_spacing_last_edited=&#8221;on|desktop&#8221; current_line_height_tablet=&#8221;&#8221; current_line_height_phone=&#8221;&#8221; current_line_height_last_edited=&#8221;on|desktop&#8221; module_alignment_tablet=&#8221;&#8221; module_alignment_phone=&#8221;&#8221; module_alignment_last_edited=&#8221;on|tablet&#8221; border_radii_items_tablet=&#8221;&#8221; border_radii_items_phone=&#8221;&#8221; border_radii_items_last_edited=&#8221;on|desktop&#8221; border_width_all_items_tablet=&#8221;&#8221; border_width_all_items_phone=&#8221;&#8221; border_width_all_items_last_edited=&#8221;on|desktop&#8221; border_color_all_items_tablet=&#8221;&#8221; border_color_all_items_phone=&#8221;&#8221; border_color_all_items_last_edited=&#8221;on|desktop&#8221; border_style_all_items_tablet=&#8221;&#8221; border_style_all_items_phone=&#8221;&#8221; border_style_all_items_last_edited=&#8221;on|desktop&#8221; border_radii_separators_tablet=&#8221;&#8221; border_radii_separators_phone=&#8221;&#8221; border_radii_separators_last_edited=&#8221;on|desktop&#8221; border_width_all_separators_tablet=&#8221;&#8221; border_width_all_separators_phone=&#8221;&#8221; border_width_all_separators_last_edited=&#8221;on|desktop&#8221; border_color_all_separators_tablet=&#8221;&#8221; border_color_all_separators_phone=&#8221;&#8221; border_color_all_separators_last_edited=&#8221;on|desktop&#8221; border_style_all_separators_tablet=&#8221;&#8221; border_style_all_separators_phone=&#8221;&#8221; border_style_all_separators_last_edited=&#8221;on|desktop&#8221; border_radii_current_tablet=&#8221;&#8221; border_radii_current_phone=&#8221;&#8221; border_radii_current_last_edited=&#8221;on|desktop&#8221; border_width_all_current_tablet=&#8221;&#8221; border_width_all_current_phone=&#8221;&#8221; border_width_all_current_last_edited=&#8221;on|desktop&#8221; border_color_all_current_tablet=&#8221;&#8221; border_color_all_current_phone=&#8221;&#8221; border_color_all_current_last_edited=&#8221;on|desktop&#8221; border_style_all_current_tablet=&#8221;&#8221; border_style_all_current_phone=&#8221;&#8221; border_style_all_current_last_edited=&#8221;on|desktop&#8221; global_module=&#8221;660&#8243; global_colors_info=&#8221;{}&#8221;][\/dsm_breadcrumbs][et_pb_image src=&#8221;https:\/\/www.pohy.fi\/wp-content\/uploads\/2023\/01\/Arrow.png&#8221; title_text=&#8221;Arrow&#8221; show_bottom_space=&#8221;off&#8221; src_tablet=&#8221;https:\/\/www.pohy.fi\/wp-content\/uploads\/2023\/01\/Arrow.png&#8221; src_phone=&#8221;https:\/\/www.pohy.fi\/wp-content\/uploads\/2023\/01\/Arrow.png&#8221; src_last_edited=&#8221;on|desktop&#8221; show_bottom_space_tablet=&#8221;off&#8221; show_bottom_space_phone=&#8221;off&#8221; show_bottom_space_last_edited=&#8221;on|desktop&#8221; align_tablet=&#8221;&#8221; align_phone=&#8221;&#8221; align_last_edited=&#8221;on|desktop&#8221; _builder_version=&#8221;4.19.4&#8243; _module_preset=&#8221;default&#8221; width_tablet=&#8221;&#8221; width_phone=&#8221;&#8221; width_last_edited=&#8221;on|desktop&#8221; max_width=&#8221;130px&#8221; max_width_tablet=&#8221;120px&#8221; max_width_phone=&#8221;90px&#8221; max_width_last_edited=&#8221;on|phone&#8221; min_height_tablet=&#8221;&#8221; min_height_phone=&#8221;&#8221; min_height_last_edited=&#8221;on|desktop&#8221; height_tablet=&#8221;&#8221; height_phone=&#8221;&#8221; height_last_edited=&#8221;on|desktop&#8221; max_height_tablet=&#8221;&#8221; max_height_phone=&#8221;&#8221; max_height_last_edited=&#8221;on|desktop&#8221; custom_margin=&#8221;||-50px|-3%|false|false&#8221; custom_margin_tablet=&#8221;||-50px||false|false&#8221; custom_margin_phone=&#8221;-20px||-40px||false|false&#8221; custom_margin_last_edited=&#8221;on|phone&#8221; custom_padding=&#8221;||0px|0px|false|false&#8221; custom_padding_tablet=&#8221;||0px||false|false&#8221; custom_padding_phone=&#8221;0px||0px||false|false&#8221; custom_padding_last_edited=&#8221;on|desktop&#8221; module_alignment_tablet=&#8221;&#8221; module_alignment_phone=&#8221;&#8221; module_alignment_last_edited=&#8221;on|desktop&#8221; global_colors_info=&#8221;{}&#8221;][\/et_pb_image][\/et_pb_column][\/et_pb_row][\/et_pb_section][et_pb_section fb_built=&#8221;1&#8243; _builder_version=&#8221;4.19.1&#8243; _module_preset=&#8221;default&#8221; global_colors_info=&#8221;{}&#8221;][et_pb_row custom_padding_last_edited=&#8221;on|desktop&#8221; _builder_version=&#8221;4.19.4&#8243; _module_preset=&#8221;default&#8221; width_tablet=&#8221;&#8221; width_phone=&#8221;&#8221; width_last_edited=&#8221;on|phone&#8221; max_width_tablet=&#8221;&#8221; max_width_phone=&#8221;&#8221; max_width_last_edited=&#8221;on|tablet&#8221; min_height_tablet=&#8221;&#8221; min_height_phone=&#8221;&#8221; min_height_last_edited=&#8221;on|tablet&#8221; height_tablet=&#8221;&#8221; height_phone=&#8221;&#8221; height_last_edited=&#8221;on|tablet&#8221; max_height_tablet=&#8221;&#8221; max_height_phone=&#8221;&#8221; max_height_last_edited=&#8221;on|tablet&#8221; custom_margin_tablet=&#8221;&#8221; custom_margin_phone=&#8221;&#8221; custom_margin_last_edited=&#8221;on|desktop&#8221; custom_padding_tablet=&#8221;&#8221; custom_padding_phone=&#8221;&#8221; module_alignment_tablet=&#8221;&#8221; module_alignment_phone=&#8221;&#8221; module_alignment_last_edited=&#8221;on|tablet&#8221; global_colors_info=&#8221;{}&#8221;][et_pb_column type=&#8221;4_4&#8243; _builder_version=&#8221;4.19.1&#8243; _module_preset=&#8221;default&#8221; global_colors_info=&#8221;{}&#8221;][et_pb_text content_tablet=&#8221;<\/p>\n<h2>Tervetuloa Pohjanmaan Yhdistyksiin!<\/h2>\n<p>POHY tukee Pohjanmaan seudun v\u00e4est\u00f6n hyvinvointia ja edist\u00e4\u00e4 j\u00e4senyhdistysten yhteisty\u00f6t\u00e4 sek\u00e4 kesken\u00e4\u00e4n ett\u00e4 julkiseen sektoriin ja muihin tahoihin sek\u00e4 toimii kohtaamispaikan j\u00e4rjest\u00e4j\u00e4n\u00e4. POHY:ll\u00e4 on yhteisty\u00f6suhteet mm. Vaasan kaupungin, Vaasan keskussairaalan, useiden oppilaitosten sek\u00e4 eri organisaatioiden kanssa. J\u00e4rjest\u00f6keskuksemme toimintaa rahoittaa STEA. Saamme taloudellista tukea my\u00f6s s\u00e4\u00e4ti\u00f6ilt\u00e4. <\/p>\n<p>Yhdistyksen asioita hoitaa hallitus, johon kuuluu syyskokouksessa valitut puheenjohtaja ja nelj\u00e4 &#8211; kymmenen (4 &#8211; 10) muuta varsinaista j\u00e4sent\u00e4 sek\u00e4 kullekin valitut henkil\u00f6kohtaiset varaj\u00e4senet. Puheenjohtajan ja hallituksen varsinaisten ja varaj\u00e4senten toimikausi on kaksi vuotta. Puolet hallituksen j\u00e4senist\u00e4 ja varaj\u00e4senist\u00e4 on vuosittain erovuorossa.<\/p>\n<p>POHY:n p\u00e4\u00e4toimipaikka sijaitsee Vaasassa, Korsholmanpuistikon j\u00e4rjest\u00f6keskuksessa, tutummin tietalolla.<\/p>\n<p><strong>Liitteet:<\/strong><br \/>Pohjanmaan Yhdistykset ry:n toiminta-ajatus<br \/>Pohjanmaan Yhdistykset ry:n strategia ja visio<br \/>Pohjanmaan Yhdistykset ry:n s\u00e4\u00e4nn\u00f6t<br \/>Pohjanmaan Yhdistykset ry:n hallitus 2022<\/p>\n<h3>Julkaisut<\/h3>\n<p>Tapahtumaj\u00e4rjest\u00e4j\u00e4n ABC<br \/>2021 Osallisuuskirja POHY &#8211; 2021 Delaktighetsboken<br \/>2020 Pohjanmaan j\u00e4rjest\u00f6kysely &#8211; 2020 \u00f6sterbottens F\u00f6reningsenk\u00e4t<\/p>\n<h3>Logo<\/h3>\n<p><img src=%22https:\/\/www.pohy.fi\/wp-content\/uploads\/2022\/12\/nimet_ja_pohy_lapinakyva-1024x403-1-300x118.png%22 alt=%22%22 class=%22wp-image-418 alignnone size-medium%22 width=%22300%22 height=%22118%22 \/><\/p>\n<p><strong>Liitteiss\u00e4 Pohjanmaan Yhdistyksien hyv\u00e4ksym\u00e4t logot:<\/strong><br \/>POHY pallukka ilman teksti\u00e4 &#8211; boll utan text<br \/>POHY ja nimet l\u00e4pin\u00e4kyv\u00e4 tausta &#8211; POHY och namn genomskinlig bakgrund<br \/>POHY ja nimet valkoinen tausta &#8211; POHY och namn vit bakgrund<br \/>Pallukka ja nimet alla l\u00e4pin\u00e4kyv\u00e4 tausta &#8211; Boll och namn under genomskinlig bakgrund<br \/>Pallukka ja nimet alla valkoinen tausta &#8211; Boll och namn under vit bakgrund<\/p>\n<p>&#8221; content_phone=&#8221;<\/p>\n<h2>Tervetuloa Pohjanmaan Yhdistyksiin!<\/h2>\n<p>POHY tukee Pohjanmaan seudun v\u00e4est\u00f6n hyvinvointia ja edist\u00e4\u00e4 j\u00e4senyhdistysten yhteisty\u00f6t\u00e4 sek\u00e4 kesken\u00e4\u00e4n ett\u00e4 julkiseen sektoriin ja muihin tahoihin sek\u00e4 toimii kohtaamispaikan j\u00e4rjest\u00e4j\u00e4n\u00e4. POHY:ll\u00e4 on yhteisty\u00f6suhteet mm. Vaasan kaupungin, Vaasan keskussairaalan, useiden oppilaitosten sek\u00e4 eri organisaatioiden kanssa. J\u00e4rjest\u00f6keskuksemme toimintaa rahoittaa STEA. Saamme taloudellista tukea my\u00f6s s\u00e4\u00e4ti\u00f6ilt\u00e4. <\/p>\n<p>Yhdistyksen asioita hoitaa hallitus, johon kuuluu syyskokouksessa valitut puheenjohtaja ja nelj\u00e4 &#8211; kymmenen (4 &#8211; 10) muuta varsinaista j\u00e4sent\u00e4 sek\u00e4 kullekin valitut henkil\u00f6kohtaiset varaj\u00e4senet. Puheenjohtajan ja hallituksen varsinaisten ja varaj\u00e4senten toimikausi on kaksi vuotta. Puolet hallituksen j\u00e4senist\u00e4 ja varaj\u00e4senist\u00e4 on vuosittain erovuorossa.<\/p>\n<p>POHY:n p\u00e4\u00e4toimipaikka sijaitsee Vaasassa, Korsholmanpuistikon j\u00e4rjest\u00f6keskuksessa, tutummin tietalolla.<\/p>\n<p><strong>Liitteet:<\/strong><br \/>Pohjanmaan Yhdistykset ry:n toiminta-ajatus<br \/>Pohjanmaan Yhdistykset ry:n strategia ja visio<br \/>Pohjanmaan Yhdistykset ry:n s\u00e4\u00e4nn\u00f6t<br \/>Pohjanmaan Yhdistykset ry:n hallitus 2022<\/p>\n<h3>Julkaisut<\/h3>\n<p>Tapahtumaj\u00e4rjest\u00e4j\u00e4n ABC<br \/>2021 Osallisuuskirja POHY &#8211; 2021 Delaktighetsboken<br \/>2020 Pohjanmaan j\u00e4rjest\u00f6kysely &#8211; 2020 \u00f6sterbottens F\u00f6reningsenk\u00e4t<\/p>\n<h3>Logo<\/h3>\n<p><img src=%22https:\/\/www.pohy.fi\/wp-content\/uploads\/2022\/12\/nimet_ja_pohy_lapinakyva-1024x403-1-300x118.png%22 alt=%22%22 class=%22wp-image-418 alignnone size-medium%22 width=%22300%22 height=%22118%22 \/><\/p>\n<p><strong>Liitteiss\u00e4 Pohjanmaan Yhdistyksien hyv\u00e4ksym\u00e4t logot:<\/strong><br \/>POHY pallukka ilman teksti\u00e4 &#8211; boll utan text<br \/>POHY ja nimet l\u00e4pin\u00e4kyv\u00e4 tausta &#8211; POHY och namn genomskinlig bakgrund<br \/>POHY ja nimet valkoinen tausta &#8211; POHY och namn vit bakgrund<br \/>Pallukka ja nimet alla l\u00e4pin\u00e4kyv\u00e4 tausta &#8211; Boll och namn under genomskinlig bakgrund<br \/>Pallukka ja nimet alla valkoinen tausta &#8211; Boll och namn under vit bakgrund<\/p>\n<p>&#8221; content_last_edited=&#8221;off|desktop&#8221; disabled_on=&#8221;off|off|off&#8221; _builder_version=&#8221;4.27.6&#8243; _module_preset=&#8221;default&#8221; text_font=&#8221;|300|||||||&#8221; ul_font=&#8221;|300|||||||&#8221; ul_line_height=&#8221;1.7em&#8221; custom_margin_tablet=&#8221;&#8221; custom_margin_phone=&#8221;&#8221; custom_margin_last_edited=&#8221;on|desktop&#8221; custom_padding_tablet=&#8221;&#8221; custom_padding_phone=&#8221;&#8221; custom_padding_last_edited=&#8221;on|desktop&#8221; hover_enabled=&#8221;0&#8243; text_font_tablet=&#8221;|300|||||||&#8221; text_font_phone=&#8221;|300|||||||&#8221; text_font_last_edited=&#8221;on|desktop&#8221; text_text_color_tablet=&#8221;&#8221; text_text_color_phone=&#8221;&#8221; text_text_color_last_edited=&#8221;on|desktop&#8221; text_font_size_tablet=&#8221;&#8221; text_font_size_phone=&#8221;&#8221; text_font_size_last_edited=&#8221;on|desktop&#8221; text_letter_spacing_tablet=&#8221;&#8221; text_letter_spacing_phone=&#8221;&#8221; text_letter_spacing_last_edited=&#8221;on|desktop&#8221; text_line_height_tablet=&#8221;&#8221; text_line_height_phone=&#8221;&#8221; text_line_height_last_edited=&#8221;on|desktop&#8221; text_orientation_tablet=&#8221;&#8221; text_orientation_phone=&#8221;&#8221; text_orientation_last_edited=&#8221;on|desktop&#8221; background_layout_tablet=&#8221;&#8221; background_layout_phone=&#8221;&#8221; background_layout_last_edited=&#8221;on|desktop&#8221; overflow-x_tablet=&#8221;&#8221; overflow-x_phone=&#8221;&#8221; overflow-x_last_edited=&#8221;on|desktop&#8221; overflow-y_tablet=&#8221;&#8221; overflow-y_phone=&#8221;&#8221; overflow-y_last_edited=&#8221;on|desktop&#8221; global_colors_info=&#8221;{}&#8221; sticky_enabled=&#8221;0&#8243;]<\/p>\n<h2>Tervetuloa Pohjanmaan Yhdistyksiin!<\/h2>\n<p>POHY tukee Pohjanmaan seudun v\u00e4est\u00f6n hyvinvointia ja edist\u00e4\u00e4 j\u00e4senyhdistysten yhteisty\u00f6t\u00e4 sek\u00e4 kesken\u00e4\u00e4n ett\u00e4 julkiseen sektoriin ja muihin tahoihin sek\u00e4 toimii kohtaamispaikan j\u00e4rjest\u00e4j\u00e4n\u00e4. POHY:ll\u00e4 on yhteisty\u00f6suhteet mm. Vaasan kaupungin, Vaasan keskussairaalan, useiden oppilaitosten sek\u00e4 eri organisaatioiden kanssa. J\u00e4rjest\u00f6keskuksemme toimintaa rahoittaa STEA. Saamme taloudellista tukea my\u00f6s s\u00e4\u00e4ti\u00f6ilt\u00e4.\u200b<\/p>\n<p>Yhdistyksen asioita hoitaa hallitus, johon kuuluu syyskokouksessa valitut puheenjohtaja ja nelj\u00e4 &#8211; kymmenen (4 &#8211; 10) muuta varsinaista j\u00e4sent\u00e4 sek\u00e4 kullekin valitut henkil\u00f6kohtaiset varaj\u00e4senet. Puheenjohtajan ja hallituksen varsinaisten ja varaj\u00e4senten toimikausi on kaksi vuotta. Puolet hallituksen j\u00e4senist\u00e4 ja varaj\u00e4senist\u00e4 on vuosittain erovuorossa.<\/p>\n<p>POHYn toimipaikka on Vaasassa. Osoite: Korsholmanpuistikko 44.<\/p>\n<p><strong>Liitteet:<\/strong><br \/><span style=\"color: #f84e98;\"><a href=\"https:\/\/www.pohy.fi\/wp-content\/uploads\/2026\/03\/strategia-1-suomi.png\" style=\"color: #f84e98;\">Pohjanmaan Yhdistykset ry:n strategia ja visio<\/a><\/span><\/p>\n<p><a href=\"https:\/\/www.pohy.fi\/wp-content\/uploads\/2026\/03\/strategia-1-ruotsi.png\"><span style=\"color: #f84e98;\">\u00d6sterbottens F\u00f6reningar rf:s strategi och vision (p\u00e5 svenska)<\/span><\/a><\/p>\n<p><span style=\"color: #f84e98;\"><a href=\"https:\/\/www.pohy.fi\/wp-content\/uploads\/2023\/03\/saannot_pohjanmaan_yhdistykset_ry_1.pdf\" style=\"color: #f84e98;\">Pohjanmaan Yhdistykset ry:n s\u00e4\u00e4nn\u00f6t<\/a><\/span><\/p>\n<p><a href=\"https:\/\/www.pohy.fi\/wp-content\/uploads\/2025\/11\/Stadgar-Osterbottens-Foreningar-ry.pdf\"><span style=\"color: #f84e98;\">\u00d6sterbottens F\u00f6reningar rf:s stadgar (p\u00e5 svenska)<\/span><\/a><\/p>\n<p><a href=\"https:\/\/www.pohy.fi\/wp-content\/uploads\/2026\/03\/POHY-Hallitus-2026.pdf\" rel=\"attachment noopener wp-att-105900\" target=\"_blank\">Pohjanmaan Yhdistykset ry:n hallitus 2026<\/a><\/p>\n<p><a href=\"https:\/\/www.pohy.fi\/wp-content\/uploads\/2023\/08\/pohy-esite-yhdessa-hyvinvointiin.pdf\">Yhdess\u00e4 hyvinvointiin!<\/a><span style=\"color: #f84e98;\"><\/span><\/p>\n<h3>Julkaisut<\/h3>\n<p><a href=\"https:\/\/www.pohy.fi\/wp-content\/uploads\/2023\/01\/tapahtumajarjestajan_abc.pdf\">Tapahtumaj\u00e4rjest\u00e4j\u00e4n ABC<\/a><\/p>\n<p><a href=\"https:\/\/www.pohy.fi\/wp-content\/uploads\/2023\/03\/delaktighetsboken_osallisuuskirja_2021_pohy-komprimerad.pdf\">2021 Osallisuuskirja POHY &#8211; 2021 Delaktighetsboken<\/a><\/p>\n<h3>Logo<\/h3>\n<p><img loading=\"lazy\" decoding=\"async\" src=\"https:\/\/www.pohy.fi\/wp-content\/uploads\/2022\/12\/nimet_ja_pohy_lapinakyva-1024x403-1-300x118.png\" alt=\"\" class=\"wp-image-418 alignnone size-medium\" width=\"300\" height=\"118\" \/><\/p>\n<p>[\/et_pb_text][\/et_pb_column][\/et_pb_row][et_pb_row column_structure=&#8221;1_2,1_2&#8243; use_custom_gutter=&#8221;on&#8221; gutter_width=&#8221;1&#8243; make_equal=&#8221;on&#8221; _builder_version=&#8221;4.19.4&#8243; _module_preset=&#8221;default&#8221; width_tablet=&#8221;&#8221; width_phone=&#8221;&#8221; width_last_edited=&#8221;on|desktop&#8221; max_width_tablet=&#8221;&#8221; max_width_phone=&#8221;&#8221; max_width_last_edited=&#8221;on|tablet&#8221; min_height_tablet=&#8221;&#8221; min_height_phone=&#8221;&#8221; min_height_last_edited=&#8221;on|desktop&#8221; height_tablet=&#8221;&#8221; height_phone=&#8221;&#8221; height_last_edited=&#8221;on|desktop&#8221; max_height_tablet=&#8221;&#8221; max_height_phone=&#8221;&#8221; max_height_last_edited=&#8221;on|desktop&#8221; module_alignment_tablet=&#8221;&#8221; module_alignment_phone=&#8221;&#8221; module_alignment_last_edited=&#8221;on|desktop&#8221; global_colors_info=&#8221;{}&#8221;][et_pb_column type=&#8221;1_2&#8243; _builder_version=&#8221;4.19.2&#8243; _module_preset=&#8221;default&#8221; global_colors_info=&#8221;{}&#8221;][et_pb_image src=&#8221;https:\/\/www.pohy.fi\/wp-content\/uploads\/2022\/12\/pohjanmaanyhdistyksetsijainti.jpg&#8221; title_text=&#8221;pohjanmaanyhdistyksetsijainti&#8221; align=&#8221;center&#8221; src_last_edited=&#8221;off|desktop&#8221; align_tablet=&#8221;center&#8221; align_phone=&#8221;center&#8221; align_last_edited=&#8221;on|desktop&#8221; _builder_version=&#8221;4.19.2&#8243; _module_preset=&#8221;default&#8221; width_tablet=&#8221;&#8221; width_phone=&#8221;&#8221; width_last_edited=&#8221;on|desktop&#8221; max_width_tablet=&#8221;&#8221; max_width_phone=&#8221;&#8221; max_width_last_edited=&#8221;on|desktop&#8221; min_height_tablet=&#8221;&#8221; min_height_phone=&#8221;&#8221; min_height_last_edited=&#8221;on|desktop&#8221; height_tablet=&#8221;&#8221; height_phone=&#8221;&#8221; height_last_edited=&#8221;on|desktop&#8221; max_height=&#8221;450px&#8221; max_height_tablet=&#8221;450px&#8221; max_height_phone=&#8221;450px&#8221; max_height_last_edited=&#8221;on|desktop&#8221; module_alignment_tablet=&#8221;&#8221; module_alignment_phone=&#8221;&#8221; module_alignment_last_edited=&#8221;on|desktop&#8221; global_colors_info=&#8221;{}&#8221;][\/et_pb_image][\/et_pb_column][et_pb_column type=&#8221;1_2&#8243; _builder_version=&#8221;4.19.2&#8243; _module_preset=&#8221;default&#8221; global_colors_info=&#8221;{}&#8221;][et_pb_code _builder_version=&#8221;4.19.2&#8243; _module_preset=&#8221;default&#8221; global_colors_info=&#8221;{}&#8221;]<iframe src=\"https:\/\/www.google.com\/maps\/embed?pb=!1m18!1m12!1m3!1d1805.5849368903403!2d21.6320104163895!3d63.09271088312996!2m3!1f0!2f0!3f0!3m2!1i1024!2i768!4f13.1!3m3!1m2!1s0x467d604389d2c57d%3A0x4958ced98ff73f7d!2sPohjanmaan%20Yhdistykset%20ry%20-%20%C3%96sterbottens%20F%C3%B6reningar%20rf!5e0!3m2!1sfi!2sfi!4v1670667147582!5m2!1sfi!2sfi\" width=\"700\" height=\"405\" style=\"border:0;\" allowfullscreen=\"\" loading=\"lazy\" referrerpolicy=\"no-referrer-when-downgrade\"><\/iframe>[\/et_pb_code][\/et_pb_column][\/et_pb_row][\/et_pb_section]<\/p>\n","protected":false},"excerpt":{"rendered":"<p>Tietoa meist\u00e4<div class=\"et_pb_with_border et_pb_module dsm_breadcrumbs dsm_breadcrumbs_0\">\n\t\t\t\t\n\t\t\t\t\n\t\t\t\t\n\t\t\t\t\n\t\t\t\t\n\t\t\t\t\n\t\t\t\t<div class=\"et_pb_module_inner\">\n\t\t\t\t\t<nav class=\"dsm_breadcrumbs_wrap\">\n\t\t\t\t<ul class=\"dsm_breadcrumbs\" itemscope itemtype=\"https:\/\/schema.org\/BreadcrumbList\">\t\t\t<li class=\"dsm_breadcrumbs_item dsm_home_item dsm_home_item_custom\" itemprop=\"itemListElement\" itemscope\n\t\t\titemtype=\"https:\/\/schema.org\/ListItem\">\n\t\t\t\t<a href=\"https:\/\/www.pohy.fi\/sv\" itemprop=\"item\" target=\"\">\n\t\t\t\t\t<span class='dsm_home_text_wrapper'>\n\t\t\t\t\t\t\t\t\t\t\t\t\t<span class=\"dsm_home_text\" itemprop=\"name\">\n\t\t\t\t\t\t\t\tEtusivu\t\t\t\t\t\t\t<\/span>\n\t\t\t\t\t<\/span>\n\t\t\t\t<\/a>\n\t\t\t\t<meta itemprop=\"position\" content=\"1\" \/>\n\t\t\t<\/li>\n\n\t\t<li class=\"dsm_breadcrumbs_separator\"> <span class=\"et-pb-icon dsm_separator_icon\">5<\/span><\/li><\/ul>\n\t\t\t<\/nav>\n\t\t\t\t<\/div>\n\t\t\t<\/div>Tervetuloa Pohjanmaan Yhdistyksiin! POHY tukee Pohjanmaan seudun v\u00e4est\u00f6n hyvinvointia ja edist\u00e4\u00e4 j\u00e4senyhdistysten yhteisty\u00f6t\u00e4 sek\u00e4 kesken\u00e4\u00e4n ett\u00e4 julkiseen sektoriin ja muihin tahoihin sek\u00e4 toimii kohtaamispaikan j\u00e4rjest\u00e4j\u00e4n\u00e4. POHY:ll\u00e4 on yhteisty\u00f6suhteet mm. Vaasan kaupungin, Vaasan keskussairaalan, useiden oppilaitosten sek\u00e4 eri organisaatioiden kanssa. J\u00e4rjest\u00f6keskuksemme toimintaa rahoittaa STEA. Saamme taloudellista tukea my\u00f6s s\u00e4\u00e4ti\u00f6ilt\u00e4.\u200b Yhdistyksen asioita hoitaa hallitus, johon kuuluu syyskokouksessa valitut puheenjohtaja ja nelj\u00e4 &#8211; kymmenen (4 &#8211; 10) muuta varsinaista j\u00e4sent\u00e4 sek\u00e4 kullekin valitut henkil\u00f6kohtaiset varaj\u00e4senet. Puheenjohtajan ja [&hellip;]<\/p>\n","protected":false},"author":12,"featured_media":0,"parent":0,"menu_order":0,"comment_status":"closed","ping_status":"closed","template":"","meta":{"_et_pb_use_builder":"on","_et_pb_old_content":"","_et_gb_content_width":"","footnotes":""},"class_list":["post-249","page","type-page","status-publish","hentry"],"_links":{"self":[{"href":"https:\/\/www.pohy.fi\/sv\/wp-json\/wp\/v2\/pages\/249","targetHints":{"allow":["GET"]}}],"collection":[{"href":"https:\/\/www.pohy.fi\/sv\/wp-json\/wp\/v2\/pages"}],"about":[{"href":"https:\/\/www.pohy.fi\/sv\/wp-json\/wp\/v2\/types\/page"}],"author":[{"embeddable":true,"href":"https:\/\/www.pohy.fi\/sv\/wp-json\/wp\/v2\/users\/12"}],"replies":[{"embeddable":true,"href":"https:\/\/www.pohy.fi\/sv\/wp-json\/wp\/v2\/comments?post=249"}],"version-history":[{"count":48,"href":"https:\/\/www.pohy.fi\/sv\/wp-json\/wp\/v2\/pages\/249\/revisions"}],"predecessor-version":[{"id":107067,"href":"https:\/\/www.pohy.fi\/sv\/wp-json\/wp\/v2\/pages\/249\/revisions\/107067"}],"wp:attachment":[{"href":"https:\/\/www.pohy.fi\/sv\/wp-json\/wp\/v2\/media?parent=249"}],"curies":[{"name":"wp","href":"https:\/\/api.w.org\/{rel}","templated":true}]}}