{"id":102376,"date":"2023-04-06T12:52:18","date_gmt":"2023-04-06T09:52:18","guid":{"rendered":"https:\/\/www.pohy.fi\/?page_id=102376"},"modified":"2025-10-15T14:58:44","modified_gmt":"2025-10-15T11:58:44","slug":"yhdistykset","status":"publish","type":"page","link":"https:\/\/www.pohy.fi\/sv\/olka\/yhdistykset\/","title":{"rendered":"F\u00f6reningar"},"content":{"rendered":"<p>[et_pb_section fb_built=&#8221;1&#8243; custom_padding_last_edited=&#8221;on|phone&#8221; _builder_version=&#8221;4.19.4&#8243; _module_preset=&#8221;default&#8221; background_color=&#8221;rgba(250,225,0,0.3)&#8221; custom_margin_tablet=&#8221;&#8221; custom_margin_phone=&#8221;&#8221; custom_margin_last_edited=&#8221;on|desktop&#8221; custom_padding=&#8221;100px||||false|false&#8221; custom_padding_tablet=&#8221;80px||||false|false&#8221; custom_padding_phone=&#8221;60px||||false|false&#8221; top_divider_style_tablet=&#8221;&#8221; top_divider_style_phone=&#8221;&#8221; top_divider_style_last_edited=&#8221;on|desktop&#8221; top_divider_color_tablet=&#8221;&#8221; top_divider_color_phone=&#8221;&#8221; top_divider_color_last_edited=&#8221;on|desktop&#8221; top_divider_height_tablet=&#8221;&#8221; top_divider_height_phone=&#8221;&#8221; top_divider_height_last_edited=&#8221;on|desktop&#8221; top_divider_repeat_tablet=&#8221;&#8221; top_divider_repeat_phone=&#8221;&#8221; top_divider_repeat_last_edited=&#8221;on|desktop&#8221; top_divider_flip_tablet=&#8221;&#8221; top_divider_flip_phone=&#8221;&#8221; top_divider_flip_last_edited=&#8221;on|desktop&#8221; top_divider_arrangement_tablet=&#8221;&#8221; top_divider_arrangement_phone=&#8221;&#8221; top_divider_arrangement_last_edited=&#8221;on|desktop&#8221; bottom_divider_style=&#8221;wave&#8221; bottom_divider_color=&#8221;#ffffff&#8221; bottom_divider_height=&#8221;60px&#8221; bottom_divider_repeat=&#8221;8x&#8221; bottom_divider_height_tablet=&#8221;50px&#8221; bottom_divider_height_phone=&#8221;40px&#8221; bottom_divider_height_last_edited=&#8221;on|phone&#8221; bottom_divider_repeat_tablet=&#8221;4x&#8221; bottom_divider_repeat_phone=&#8221;3x&#8221; bottom_divider_repeat_last_edited=&#8221;on|tablet&#8221; background_last_edited=&#8221;on|desktop&#8221; locked=&#8221;off&#8221; global_colors_info=&#8221;{}&#8221;][et_pb_row _builder_version=&#8221;4.19.3&#8243; _module_preset=&#8221;default&#8221; global_colors_info=&#8221;{}&#8221;][et_pb_column type=&#8221;4_4&#8243; _builder_version=&#8221;4.19.3&#8243; _module_preset=&#8221;default&#8221; global_colors_info=&#8221;{}&#8221;][et_pb_text content_tablet=&#8221;<\/p>\n<h1>OLKA-toiminta<\/h1>\n<p>&#8221; content_phone=&#8221;<\/p>\n<h1>OLKA-toiminta<\/h1>\n<p>&#8221; content_last_edited=&#8221;on|phone&#8221; _builder_version=&#8221;4.19.4&#8243; _module_preset=&#8221;default&#8221; global_colors_info=&#8221;{}&#8221;]<\/p>\n<h1>Yhdistykset<\/h1>\n<p>[\/et_pb_text][dsm_breadcrumbs home_text=&#8221;Etusivu&#8221; show_home_icon=&#8221;off&#8221; items_bottom_tablet=&#8221;&#8221; items_bottom_phone=&#8221;&#8221; items_bottom_last_edited=&#8221;on|desktop&#8221; items_padding_tablet=&#8221;&#8221; items_padding_phone=&#8221;&#8221; items_padding_last_edited=&#8221;on|desktop&#8221; separator_bottom_tablet=&#8221;&#8221; separator_bottom_phone=&#8221;&#8221; separator_bottom_last_edited=&#8221;on|desktop&#8221; separator_padding_tablet=&#8221;&#8221; separator_padding_phone=&#8221;&#8221; separator_padding_last_edited=&#8221;on|desktop&#8221; current_bottom_tablet=&#8221;&#8221; current_bottom_phone=&#8221;&#8221; current_bottom_last_edited=&#8221;on|desktop&#8221; current_padding_tablet=&#8221;&#8221; current_padding_phone=&#8221;&#8221; current_padding_last_edited=&#8221;on|desktop&#8221; _builder_version=&#8221;4.21.0&#8243; _module_preset=&#8221;default&#8221; items_font=&#8221;|300|||||||&#8221; items_text_color=&#8221;#000000&#8243; current_font=&#8221;|600|||||||&#8221; width_tablet=&#8221;&#8221; width_phone=&#8221;&#8221; width_last_edited=&#8221;on|tablet&#8221; max_width_tablet=&#8221;&#8221; max_width_phone=&#8221;&#8221; max_width_last_edited=&#8221;on|tablet&#8221; min_height_tablet=&#8221;&#8221; min_height_phone=&#8221;&#8221; min_height_last_edited=&#8221;on|tablet&#8221; height_tablet=&#8221;&#8221; height_phone=&#8221;&#8221; height_last_edited=&#8221;on|tablet&#8221; max_height_tablet=&#8221;&#8221; max_height_phone=&#8221;&#8221; max_height_last_edited=&#8221;on|tablet&#8221; custom_margin=&#8221;||||false|false&#8221; custom_margin_tablet=&#8221;&#8221; custom_margin_phone=&#8221;||||false|false&#8221; custom_margin_last_edited=&#8221;on|desktop&#8221; custom_padding=&#8221;||30px||false|false&#8221; custom_padding_tablet=&#8221;||10px||false|false&#8221; custom_padding_phone=&#8221;||||false|false&#8221; custom_padding_last_edited=&#8221;on|phone&#8221; items_font_tablet=&#8221;|300|||||||&#8221; items_font_phone=&#8221;|300|||||||&#8221; items_font_last_edited=&#8221;on|desktop&#8221; items_text_color_tablet=&#8221;#000000&#8243; items_text_color_phone=&#8221;#000000&#8243; items_text_color_last_edited=&#8221;on|desktop&#8221; items_font_size_tablet=&#8221;&#8221; items_font_size_phone=&#8221;&#8221; items_font_size_last_edited=&#8221;on|desktop&#8221; items_letter_spacing_tablet=&#8221;&#8221; items_letter_spacing_phone=&#8221;&#8221; items_letter_spacing_last_edited=&#8221;on|desktop&#8221; items_line_height_tablet=&#8221;&#8221; items_line_height_phone=&#8221;&#8221; items_line_height_last_edited=&#8221;on|desktop&#8221; separators_text_color_tablet=&#8221;&#8221; separators_text_color_phone=&#8221;&#8221; separators_text_color_last_edited=&#8221;on|desktop&#8221; separators_font_size_tablet=&#8221;&#8221; separators_font_size_phone=&#8221;&#8221; separators_font_size_last_edited=&#8221;on|desktop&#8221; current_font_tablet=&#8221;|600|||||||&#8221; current_font_phone=&#8221;|600|||||||&#8221; current_font_last_edited=&#8221;on|desktop&#8221; current_text_color_tablet=&#8221;&#8221; current_text_color_phone=&#8221;&#8221; current_text_color_last_edited=&#8221;on|desktop&#8221; current_font_size_tablet=&#8221;&#8221; current_font_size_phone=&#8221;&#8221; current_font_size_last_edited=&#8221;on|desktop&#8221; current_letter_spacing_tablet=&#8221;&#8221; current_letter_spacing_phone=&#8221;&#8221; current_letter_spacing_last_edited=&#8221;on|desktop&#8221; current_line_height_tablet=&#8221;&#8221; current_line_height_phone=&#8221;&#8221; current_line_height_last_edited=&#8221;on|desktop&#8221; module_alignment_tablet=&#8221;&#8221; module_alignment_phone=&#8221;&#8221; module_alignment_last_edited=&#8221;on|tablet&#8221; border_radii_items_tablet=&#8221;&#8221; border_radii_items_phone=&#8221;&#8221; border_radii_items_last_edited=&#8221;on|desktop&#8221; border_width_all_items_tablet=&#8221;&#8221; border_width_all_items_phone=&#8221;&#8221; border_width_all_items_last_edited=&#8221;on|desktop&#8221; border_color_all_items_tablet=&#8221;&#8221; border_color_all_items_phone=&#8221;&#8221; border_color_all_items_last_edited=&#8221;on|desktop&#8221; border_style_all_items_tablet=&#8221;&#8221; border_style_all_items_phone=&#8221;&#8221; border_style_all_items_last_edited=&#8221;on|desktop&#8221; border_radii_separators_tablet=&#8221;&#8221; border_radii_separators_phone=&#8221;&#8221; border_radii_separators_last_edited=&#8221;on|desktop&#8221; border_width_all_separators_tablet=&#8221;&#8221; border_width_all_separators_phone=&#8221;&#8221; border_width_all_separators_last_edited=&#8221;on|desktop&#8221; border_color_all_separators_tablet=&#8221;&#8221; border_color_all_separators_phone=&#8221;&#8221; border_color_all_separators_last_edited=&#8221;on|desktop&#8221; border_style_all_separators_tablet=&#8221;&#8221; border_style_all_separators_phone=&#8221;&#8221; border_style_all_separators_last_edited=&#8221;on|desktop&#8221; border_radii_current_tablet=&#8221;&#8221; border_radii_current_phone=&#8221;&#8221; border_radii_current_last_edited=&#8221;on|desktop&#8221; border_width_all_current_tablet=&#8221;&#8221; border_width_all_current_phone=&#8221;&#8221; border_width_all_current_last_edited=&#8221;on|desktop&#8221; border_color_all_current_tablet=&#8221;&#8221; border_color_all_current_phone=&#8221;&#8221; border_color_all_current_last_edited=&#8221;on|desktop&#8221; border_style_all_current_tablet=&#8221;&#8221; border_style_all_current_phone=&#8221;&#8221; border_style_all_current_last_edited=&#8221;on|desktop&#8221; global_module=&#8221;660&#8243; global_colors_info=&#8221;{}&#8221;][\/dsm_breadcrumbs][et_pb_image src=&#8221;https:\/\/www.pohy.fi\/wp-content\/uploads\/2023\/01\/Arrow.png&#8221; title_text=&#8221;Arrow&#8221; show_bottom_space=&#8221;off&#8221; src_tablet=&#8221;https:\/\/www.pohy.fi\/wp-content\/uploads\/2023\/01\/Arrow.png&#8221; src_phone=&#8221;https:\/\/www.pohy.fi\/wp-content\/uploads\/2023\/01\/Arrow.png&#8221; src_last_edited=&#8221;on|desktop&#8221; show_bottom_space_tablet=&#8221;off&#8221; show_bottom_space_phone=&#8221;off&#8221; show_bottom_space_last_edited=&#8221;on|desktop&#8221; align_tablet=&#8221;&#8221; align_phone=&#8221;&#8221; align_last_edited=&#8221;on|desktop&#8221; _builder_version=&#8221;4.19.4&#8243; _module_preset=&#8221;default&#8221; width_tablet=&#8221;&#8221; width_phone=&#8221;&#8221; width_last_edited=&#8221;on|desktop&#8221; max_width=&#8221;130px&#8221; max_width_tablet=&#8221;120px&#8221; max_width_phone=&#8221;90px&#8221; max_width_last_edited=&#8221;on|phone&#8221; min_height_tablet=&#8221;&#8221; min_height_phone=&#8221;&#8221; min_height_last_edited=&#8221;on|desktop&#8221; height_tablet=&#8221;&#8221; height_phone=&#8221;&#8221; height_last_edited=&#8221;on|desktop&#8221; max_height_tablet=&#8221;&#8221; max_height_phone=&#8221;&#8221; max_height_last_edited=&#8221;on|desktop&#8221; custom_margin=&#8221;||-50px|-3%|false|false&#8221; custom_margin_tablet=&#8221;||-50px||false|false&#8221; custom_margin_phone=&#8221;-20px||-40px||false|false&#8221; custom_margin_last_edited=&#8221;on|phone&#8221; custom_padding=&#8221;||0px|0px|false|false&#8221; custom_padding_tablet=&#8221;||0px||false|false&#8221; custom_padding_phone=&#8221;0px||0px||false|false&#8221; custom_padding_last_edited=&#8221;on|desktop&#8221; module_alignment_tablet=&#8221;&#8221; module_alignment_phone=&#8221;&#8221; module_alignment_last_edited=&#8221;on|desktop&#8221; global_colors_info=&#8221;{}&#8221;][\/et_pb_image][\/et_pb_column][\/et_pb_row][\/et_pb_section][et_pb_section fb_built=&#8221;1&#8243; _builder_version=&#8221;4.20.4&#8243; _module_preset=&#8221;default&#8221; global_colors_info=&#8221;{}&#8221;][et_pb_row _builder_version=&#8221;4.20.4&#8243; _module_preset=&#8221;default&#8221; global_colors_info=&#8221;{}&#8221;][et_pb_column type=&#8221;4_4&#8243; _builder_version=&#8221;4.20.4&#8243; _module_preset=&#8221;default&#8221; global_colors_info=&#8221;{}&#8221;][et_pb_menu menu_id=&#8221;10&#8243; _builder_version=&#8221;4.20.4&#8243; _module_preset=&#8221;default&#8221; global_colors_info=&#8221;{}&#8221;][\/et_pb_menu][et_pb_text _builder_version=&#8221;4.21.0&#8243; _module_preset=&#8221;default&#8221; global_colors_info=&#8221;{}&#8221;]<\/p>\n<h2 class=\"dsm-title\">Haluaako j\u00e4rjest\u00f6si varata teemap\u00e4iv\u00e4n?<\/h2>\n<div class=\"dsm-content\">\n<p>OLKA koordinoi sairaalassa tapahtuvaa j\u00e4rjest\u00f6- ja vapaaehtoistoimintaa.<\/p>\n<p>OLKA tarjoaa yhdistyksille:<\/p>\n<ul style=\"list-style-image: url('https:\/\/www.pohy.fi\/wp-content\/uploads\/2023\/04\/olkabullet.png');\">\n<li>Kanavan sairaalaan, mahdollisuuksia toimia ja osallistua<\/li>\n<li>Mahdollisuuden tavoittaa potilaita ja heid\u00e4n l\u00e4heisi\u00e4\u00e4n jo sairaalassa<\/li>\n<li>N\u00e4kyvyytt\u00e4<\/li>\n<li>Yhteisty\u00f6 sairaalan yksik\u00f6iden kanssa<\/li>\n<\/ul>\n<p><strong>Tule pit\u00e4m\u00e4\u00e4n teemap\u00e4iv\u00e4\u00e4 Vaasan keskussairaalaan ja muihin OLKA-pisteisiin!<\/strong><\/p>\n<p>Teemap\u00e4iv\u00e4t ovat erinomainen tapa esitell\u00e4 yhdistyksen toimintaa, lis\u00e4t\u00e4 n\u00e4kyvyytt\u00e4, rekrytoida uusia j\u00e4seni\u00e4, tavata jo mukana olevia j\u00e4seni\u00e4, verkostoitua ja tutustua OLKAn ty\u00f6ntekij\u00f6ihin<strong>.<span>\u00a0<\/span><\/strong><\/p>\n<p>Teemap\u00e4iv\u00e4n aikana yhdistys esittelee toimintaansa ja jakaa tietoa eri sairauksista sairaalassa asioiville ja henkil\u00f6kunnalle.<\/p>\n<p>Teemap\u00e4ivi\u00e4 voi j\u00e4rjest\u00e4\u00e4 Vaasan keskussairaalan H-talossa sek\u00e4 N\u00e4rpi\u00f6n, Maalahden, Mustasaaren ja Uudenkaarlepyyn sosiaali- ja terveyskeskuksissa, samoin kuin Pietarsaaren Malmin Sairaalan H-talossa.<\/p>\n<p>Varaa teemap\u00e4iv\u00e4 t\u00e4m\u00e4n linkin kautta: <a href=\"https:\/\/bit.ly\/OLKAtema\">https:\/\/bit.ly\/OLKAtema<\/a><\/p>\n<p><span style=\"font-size: 18px;\">Kysymyksi\u00e4 teemap\u00e4ivien liittyen ja s\u00e4hk\u00f6isen materiaalin toimitukset:<\/span><span style=\"font-size: 18px;\">\u00a0<\/span><span style=\"font-size: 18px;\"><a href=\"mailto:olka@pohy.fi\" role=\"link\">olka@pohy.fi<\/a><\/span><span style=\"font-size: 18px;\">\u00a0<\/span><span style=\"font-size: 18px;\">tai 040 7333 437 \/ 040 7333 471. Ota yhteytt\u00e4, voimme yhdess\u00e4 my\u00f6s pohtia teemap\u00e4iv\u00e4n toteutusta. OLKAn ty\u00f6ntekij\u00e4t auttavat yhdistyst\u00e4 teemap\u00e4iv\u00e4n pidossa.<\/span><\/p>\n<p><strong>Tapahtuma- ja koulutusmainokset sairaalan ilmoitustaululle<\/strong><\/p>\n<p>Yhdistykset voivat laittaa mainoksia tulevista tapahtumista, koulutuksista ja luennoista OLKA-pisteen ilmoitustaululle (A1). L\u00e4het\u00e4 meille valmiit mainokset<span>\u00a0<\/span><span><a href=\"mailto:olka@pohy.fi\" role=\"link\">olka@pohy.fi<\/a><\/span><span>\u00a0<\/span>, niin voimme vied\u00e4 mainokset sairaalaan ja\/tai n\u00e4ytt\u00e4\u00e4 OLKA-pisteen info-tv:ss\u00e4.<\/p>\n<p><strong>OLKA yhdistysvierailut<\/strong><\/p>\n<p>OLKAn ty\u00f6ntekij\u00e4t tulevat mielell\u00e4\u00e4n kertomaan OLKA-toiminnasta, vertaistuesta tai muista yhteisty\u00f6mahdollisuuksista. Vierailun voitte varata ottamalla yhteytt\u00e4 OLKAn ty\u00f6ntekij\u00f6ihin.<\/p>\n<p><strong>Vertaistalon vertaistuki<\/strong><\/p>\n<p>OLKAn koordinoima valtakunnallinen<span>\u00a0<\/span><span><a href=\"http:\/\/vertaistalo.fi\/\" role=\"link\">Vertaistalo-verkkopalvelu<\/a><\/span><span>\u00a0<\/span>tarjoaa luotettavaa tietoa ja vertaiskokemuksia. <span>Vertaistalo tarjoaa vertaistukea sairastuneille ja heid\u00e4n l\u00e4heisilleen. Sivusto tarjoaa kokemustarinoita sek\u00e4 konkreettisia vinkkej\u00e4 ja yhteystietoja potilasyhdistysten vertaistukipalveluihin.\u00a0<\/span><a href=\"https:\/\/q.surveypal.com\/Tervetuloa-mukaan-Vertaistaloon!\/0\" role=\"link\"><\/a><\/p>\n<p>&nbsp;<\/p>\n<p>&nbsp;<\/p>\n<\/div>\n<p>[\/et_pb_text][et_pb_image src=&#8221;https:\/\/www.pohy.fi\/wp-content\/uploads\/2023\/08\/Vertaistalo.fi_.png&#8221; title_text=&#8221;Vertaistalo.fi&#8221; src_tablet=&#8221;https:\/\/www.pohy.fi\/wp-content\/uploads\/2023\/08\/Vertaistalo.fi_.png&#8221; src_phone=&#8221;https:\/\/www.pohy.fi\/wp-content\/uploads\/2023\/08\/Vertaistalo.fi_.png&#8221; src_last_edited=&#8221;on|desktop&#8221; _builder_version=&#8221;4.22.0&#8243; _module_preset=&#8221;default&#8221; global_colors_info=&#8221;{}&#8221;][\/et_pb_image][\/et_pb_column][\/et_pb_row][\/et_pb_section]<\/p>\n","protected":false},"excerpt":{"rendered":"<p>Yhdistykset<div class=\"et_pb_with_border et_pb_module dsm_breadcrumbs dsm_breadcrumbs_0\">\n\t\t\t\t\n\t\t\t\t\n\t\t\t\t\n\t\t\t\t\n\t\t\t\t\n\t\t\t\t\n\t\t\t\t<div class=\"et_pb_module_inner\">\n\t\t\t\t\t<nav class=\"dsm_breadcrumbs_wrap\">\n\t\t\t\t<ul class=\"dsm_breadcrumbs\" itemscope itemtype=\"https:\/\/schema.org\/BreadcrumbList\">\t\t\t<li class=\"dsm_breadcrumbs_item dsm_home_item dsm_home_item_custom\" itemprop=\"itemListElement\" itemscope\n\t\t\titemtype=\"https:\/\/schema.org\/ListItem\">\n\t\t\t\t<a href=\"https:\/\/www.pohy.fi\/sv\" itemprop=\"item\" target=\"\">\n\t\t\t\t\t<span class='dsm_home_text_wrapper'>\n\t\t\t\t\t\t\t\t\t\t\t\t\t<span class=\"dsm_home_text\" itemprop=\"name\">\n\t\t\t\t\t\t\t\tEtusivu\t\t\t\t\t\t\t<\/span>\n\t\t\t\t\t<\/span>\n\t\t\t\t<\/a>\n\t\t\t\t<meta itemprop=\"position\" content=\"1\" \/>\n\t\t\t<\/li>\n\n\t\t<li class=\"dsm_breadcrumbs_separator\"> <span class=\"et-pb-icon dsm_separator_icon\">5<\/span><\/li><\/ul>\n\t\t\t<\/nav>\n\t\t\t\t<\/div>\n\t\t\t<\/div>Haluaako j\u00e4rjest\u00f6si varata teemap\u00e4iv\u00e4n? OLKA koordinoi sairaalassa tapahtuvaa j\u00e4rjest\u00f6- ja vapaaehtoistoimintaa. OLKA tarjoaa yhdistyksille: Kanavan sairaalaan, mahdollisuuksia toimia ja osallistua Mahdollisuuden tavoittaa potilaita ja heid\u00e4n l\u00e4heisi\u00e4\u00e4n jo sairaalassa N\u00e4kyvyytt\u00e4 Yhteisty\u00f6 sairaalan yksik\u00f6iden kanssa Tule pit\u00e4m\u00e4\u00e4n teemap\u00e4iv\u00e4\u00e4 Vaasan keskussairaalaan ja muihin OLKA-pisteisiin! Teemap\u00e4iv\u00e4t ovat erinomainen tapa esitell\u00e4 yhdistyksen toimintaa, lis\u00e4t\u00e4 n\u00e4kyvyytt\u00e4, rekrytoida uusia j\u00e4seni\u00e4, tavata jo mukana olevia j\u00e4seni\u00e4, verkostoitua ja tutustua OLKAn ty\u00f6ntekij\u00f6ihin.\u00a0 Teemap\u00e4iv\u00e4n aikana yhdistys esittelee toimintaansa ja jakaa tietoa eri sairauksista sairaalassa asioiville [&hellip;]<\/p>\n","protected":false},"author":12,"featured_media":0,"parent":359,"menu_order":0,"comment_status":"closed","ping_status":"closed","template":"","meta":{"_et_pb_use_builder":"on","_et_pb_old_content":"","_et_gb_content_width":"","footnotes":""},"class_list":["post-102376","page","type-page","status-publish","hentry"],"_links":{"self":[{"href":"https:\/\/www.pohy.fi\/sv\/wp-json\/wp\/v2\/pages\/102376","targetHints":{"allow":["GET"]}}],"collection":[{"href":"https:\/\/www.pohy.fi\/sv\/wp-json\/wp\/v2\/pages"}],"about":[{"href":"https:\/\/www.pohy.fi\/sv\/wp-json\/wp\/v2\/types\/page"}],"author":[{"embeddable":true,"href":"https:\/\/www.pohy.fi\/sv\/wp-json\/wp\/v2\/users\/12"}],"replies":[{"embeddable":true,"href":"https:\/\/www.pohy.fi\/sv\/wp-json\/wp\/v2\/comments?post=102376"}],"version-history":[{"count":24,"href":"https:\/\/www.pohy.fi\/sv\/wp-json\/wp\/v2\/pages\/102376\/revisions"}],"predecessor-version":[{"id":106526,"href":"https:\/\/www.pohy.fi\/sv\/wp-json\/wp\/v2\/pages\/102376\/revisions\/106526"}],"up":[{"embeddable":true,"href":"https:\/\/www.pohy.fi\/sv\/wp-json\/wp\/v2\/pages\/359"}],"wp:attachment":[{"href":"https:\/\/www.pohy.fi\/sv\/wp-json\/wp\/v2\/media?parent=102376"}],"curies":[{"name":"wp","href":"https:\/\/api.w.org\/{rel}","templated":true}]}}