{"id":101854,"date":"2023-03-09T13:20:44","date_gmt":"2023-03-09T11:20:44","guid":{"rendered":"https:\/\/www.pohy.fi\/?page_id=101854"},"modified":"2023-03-09T13:20:44","modified_gmt":"2023-03-09T11:20:44","slug":"finfami-pohjamaa-ry","status":"publish","type":"page","link":"https:\/\/www.pohy.fi\/sv\/finfami-pohjamaa-ry\/","title":{"rendered":"Finfami Pohjamaa RY"},"content":{"rendered":"<p>[et_pb_section fb_built=&#8221;1&#8243; _builder_version=&#8221;4.20.2&#8243; _module_preset=&#8221;default&#8221; global_colors_info=&#8221;{}&#8221;][et_pb_row _builder_version=&#8221;4.20.2&#8243; _module_preset=&#8221;default&#8221; global_colors_info=&#8221;{}&#8221;][et_pb_column type=&#8221;4_4&#8243; _builder_version=&#8221;4.20.2&#8243; _module_preset=&#8221;default&#8221; global_colors_info=&#8221;{}&#8221;][et_pb_text _builder_version=&#8221;4.20.2&#8243; _module_preset=&#8221;default&#8221; global_colors_info=&#8221;{}&#8221;]<\/p>\n<p><strong>FINFAMI POHJANMAA RY<\/strong><\/p>\n<p><strong>FINFAMI \u00d6STERBOTTEN RF<\/strong><\/p>\n<p>Omaisyhdistys on paikka, jossa voi tavata toisia samassa el\u00e4m\u00e4ntilanteessa olevia ihmisi\u00e4. Yhdistyksen t\u00e4rkein teht\u00e4v\u00e4 on tukea mielenterveyspotilaiden omaisten ja muiden l\u00e4heisten, kuten yst\u00e4vien ja ty\u00f6tovereiden jaksamista. FinFami Pohjanmaa ry on v. 1991 perustettu kaksikielinen yhdistys. Yhdistys on keskusliitto FinFami ry:n j\u00e4sen. Yhdistyksen tarkoituksena on tukea mielenterveyden h\u00e4iri\u00f6ist\u00e4 k\u00e4rsivien l\u00e4heisi\u00e4 ja omaisia ja antaa mahdollisuuden vertaistukeen.<\/p>\n<p><strong>Toiminta<\/strong><\/p>\n<p>Tavoitteenamme on jakaa informaatiota ja tietoa omaisty\u00f6st\u00e4 mahdollisimman laajalle alueelle, jotta kaikilla mielenterveyspotilaiden omaisilla olisi tasavertainen mahdollisuus hakea apua ja tukea omaan jaksamiseensa. Yhdistyksen toimintaan kuuluu omaisten etujen valvominen sek\u00e4 kannanotto ja aloitteenteko uusissa mielenterveysty\u00f6n hankkeissa Vaasan- ja Keski-Pohjanmaan sairaanhoitopiirin alueella. Yhteiskunnallisena tavoitteenamme on omaisten edunvalvonta sek\u00e4 mielenterveyden sairauksiin liittyvien ennakkoluulojen poistaminen ajantasaisen ja asianmukaisen tiedon avulla.<\/p>\n<hr \/>\n<p>Anh\u00f6rigf\u00f6reningen \u00e4r en plats d\u00e4r du kan tr\u00e4ffa andra m\u00e4nniskor som befinner sig i samma livssituation som du. F\u00f6reningens viktigaste uppgift \u00e4r att st\u00f6dja och hj\u00e4lpa anh\u00f6riga och andra n\u00e4rst\u00e5ende s\u00e5som v\u00e4nner och arbetskamrater till personer med mental oh\u00e4lsa. FinFami \u00d6sterbotten rf. \u00e4r en tv\u00e5spr\u00e5kig f\u00f6rening, som grundades \u00e5r 1991. F\u00f6reningen \u00e4r medlem i det riksomfattande centralf\u00f6rbundet FinFami rf. F\u00f6reningens syfte \u00e4r att st\u00f6da n\u00e4rst\u00e5ende till personer med mental oh\u00e4lsa genom att erbjuda kamratst\u00f6d.<\/p>\n<p><strong>Verksamhet<\/strong><\/p>\n<p>V\u00e5r m\u00e5ls\u00e4ttning \u00e4r att sprida information och kunskap om anh\u00f6rigarbetet p\u00e5 bred front, s\u00e5 att alla anh\u00f6riga till mentalv\u00e5rdspatienter skall ha samma m\u00f6jligheter till hj\u00e4lp och st\u00f6d i den egna vardagen. Till f\u00f6reningens verksamhet h\u00f6r att bevaka de anh\u00f6rigas f\u00f6rm\u00e5ner samt att ta st\u00e4llning till och initiativ ang\u00e5ende nya mentalv\u00e5rdsprojekt p\u00e5 verksamhetsomr\u00e5det. Som samh\u00e4llelig m\u00e5ls\u00e4ttning har vi att bevaka de anh\u00f6rigas intressen samt att med hj\u00e4lp av aktuell och saklig kunskap eliminera f\u00f6rdomar kring mental oh\u00e4lsa.<\/p>\n<p>&nbsp;<\/p>\n<p><strong>Yhteystiedot\/Kontaktuppgifter:<\/strong><br \/>Kirkkopuistikko\/Kyrkoesplanaden 31<br \/>65100 Vaasa\/Vasa<br \/><a href=\"mailto:info@finfamipohjanmaa.fi\" class=\"spamspan\">info@finfamipohjanmaa.fi<\/a><\/p>\n<p>&nbsp;<\/p>\n<ul>\n<li><a href=\"https:\/\/web.archive.org\/web\/20221004201047\/http:\/\/www.finfamipohjanmaa.fi\/\"><strong>Yhdistyksen kotisivut\/F\u00f6reningens hemsida<\/strong><\/a><\/li>\n<li><a href=\"https:\/\/web.archive.org\/web\/20221004201047\/https:\/\/www.facebook.com\/FinFami-Pohjanmaa-ry-FinFami-%C3%96sterbotten-rf-219207988137104\/\"><strong>Facebook<\/strong><\/a><\/li>\n<\/ul>\n<p>&nbsp;<\/p>\n<p>[\/et_pb_text][\/et_pb_column][\/et_pb_row][\/et_pb_section]<\/p>\n","protected":false},"excerpt":{"rendered":"<p>FINFAMI POHJANMAA RY FINFAMI \u00d6STERBOTTEN RF Omaisyhdistys on paikka, jossa voi tavata toisia samassa el\u00e4m\u00e4ntilanteessa olevia ihmisi\u00e4. Yhdistyksen t\u00e4rkein teht\u00e4v\u00e4 on tukea mielenterveyspotilaiden omaisten ja muiden l\u00e4heisten, kuten yst\u00e4vien ja ty\u00f6tovereiden jaksamista. FinFami Pohjanmaa ry on v. 1991 perustettu kaksikielinen yhdistys. Yhdistys on keskusliitto FinFami ry:n j\u00e4sen. Yhdistyksen tarkoituksena on tukea mielenterveyden h\u00e4iri\u00f6ist\u00e4 k\u00e4rsivien l\u00e4heisi\u00e4 ja omaisia ja antaa mahdollisuuden vertaistukeen. Toiminta Tavoitteenamme on jakaa informaatiota ja tietoa omaisty\u00f6st\u00e4 mahdollisimman laajalle alueelle, jotta kaikilla mielenterveyspotilaiden omaisilla olisi tasavertainen mahdollisuus hakea apua ja tukea omaan jaksamiseensa. Yhdistyksen toimintaan kuuluu omaisten etujen valvominen sek\u00e4 kannanotto ja aloitteenteko uusissa mielenterveysty\u00f6n hankkeissa Vaasan- ja Keski-Pohjanmaan sairaanhoitopiirin alueella. Yhteiskunnallisena tavoitteenamme on omaisten edunvalvonta sek\u00e4 mielenterveyden sairauksiin liittyvien ennakkoluulojen poistaminen ajantasaisen ja asianmukaisen tiedon avulla. Anh\u00f6rigf\u00f6reningen \u00e4r en plats d\u00e4r du kan tr\u00e4ffa andra m\u00e4nniskor som befinner sig i samma livssituation som du. F\u00f6reningens viktigaste uppgift \u00e4r att st\u00f6dja och hj\u00e4lpa anh\u00f6riga och andra n\u00e4rst\u00e5ende s\u00e5som v\u00e4nner och arbetskamrater till personer med mental oh\u00e4lsa. FinFami \u00d6sterbotten rf. \u00e4r en tv\u00e5spr\u00e5kig f\u00f6rening, som grundades \u00e5r 1991. F\u00f6reningen \u00e4r medlem i det riksomfattande centralf\u00f6rbundet FinFami rf. F\u00f6reningens syfte \u00e4r att st\u00f6da n\u00e4rst\u00e5ende till personer med mental oh\u00e4lsa genom att erbjuda kamratst\u00f6d. Verksamhet V\u00e5r m\u00e5ls\u00e4ttning \u00e4r att sprida information [&hellip;]<\/p>\n","protected":false},"author":12,"featured_media":0,"parent":0,"menu_order":0,"comment_status":"closed","ping_status":"closed","template":"","meta":{"_et_pb_use_builder":"on","_et_pb_old_content":"","_et_gb_content_width":"","footnotes":""},"class_list":["post-101854","page","type-page","status-publish","hentry"],"_links":{"self":[{"href":"https:\/\/www.pohy.fi\/sv\/wp-json\/wp\/v2\/pages\/101854","targetHints":{"allow":["GET"]}}],"collection":[{"href":"https:\/\/www.pohy.fi\/sv\/wp-json\/wp\/v2\/pages"}],"about":[{"href":"https:\/\/www.pohy.fi\/sv\/wp-json\/wp\/v2\/types\/page"}],"author":[{"embeddable":true,"href":"https:\/\/www.pohy.fi\/sv\/wp-json\/wp\/v2\/users\/12"}],"replies":[{"embeddable":true,"href":"https:\/\/www.pohy.fi\/sv\/wp-json\/wp\/v2\/comments?post=101854"}],"version-history":[{"count":4,"href":"https:\/\/www.pohy.fi\/sv\/wp-json\/wp\/v2\/pages\/101854\/revisions"}],"predecessor-version":[{"id":101879,"href":"https:\/\/www.pohy.fi\/sv\/wp-json\/wp\/v2\/pages\/101854\/revisions\/101879"}],"wp:attachment":[{"href":"https:\/\/www.pohy.fi\/sv\/wp-json\/wp\/v2\/media?parent=101854"}],"curies":[{"name":"wp","href":"https:\/\/api.w.org\/{rel}","templated":true}]}}